{"id":700,"date":"2025-09-25T10:43:58","date_gmt":"2025-09-25T10:43:58","guid":{"rendered":"https:\/\/frankfurtgate-solutions.de\/deutsch\/?page_id=700"},"modified":"2025-10-30T09:59:14","modified_gmt":"2025-10-30T09:59:14","slug":"placement","status":"publish","type":"page","link":"https:\/\/frankfurtgate-solutions.de\/deutsch\/placement\/","title":{"rendered":"Placement"},"content":{"rendered":"\n<section class=\"contentpage\">\n<div class=\"container\">\n<h1>Placement<\/h1>\n\n\n<ul>\n<\/li>Im Bereich der Konstruktion und Fertigung von Industrieg\u00fctern.<\/li>\n\n<li><strong>Eigene Sprachakademie:<\/strong> Unsere GermanLanguage AiCademy schult Bewerber aus aller Welt gr\u00fcndlich in der deutschen Sprache, um hervorragende Sprachkompetenz und ein tiefes kulturelles Verst\u00e4ndnis zu gew\u00e4hrleisten<\/li>\n<li><strong>Unterst\u00fctzung bei der Einwanderung:<\/strong> Nahtlose Visums- und Immigrationsunterst\u00fctzung f\u00fcr alle unsere Kandidat*innen, um einen reibungslosen \u00dcbergang nach Deutschland, \u00d6sterreich und in die Schweiz zu gew\u00e4hrleisten.<\/li>\n<li><strong>Talentpool f\u00fcr die Zukunft:<\/strong> Wir rekrutieren auch aktiv hochmotivierte Student*innen der Naturwissenschaften, die ein Pflege-oder Medizinstudium an Ihrer medizinischen Hochschule oder angeschlossenen Einrichtungen absolvieren m\u00f6chten. Wir erm\u00f6glichen ihnen Teilzeitbesch\u00e4ftigung w\u00e4hrend ihres Studiums, damit sie vor Ort ihren Abschluss machen und hervorragende Deutschkenntnisse erwerben k\u00f6nnen, wodurch ein nachhaltiger Talentpool f\u00fcr Ihre Einrichtung entsteht.<\/li>\n<\/ul>\n \n<\/div>\n<\/section>\n","protected":false},"excerpt":{"rendered":"<p>Placement Im Bereich der Konstruktion und Fertigung von Industrieg\u00fctern. Eigene Sprachakademie: Unsere GermanLanguage AiCademy schult Bewerber aus aller Welt gr\u00fcndlich in der deutschen Sprache, um hervorragende Sprachkompetenz und ein tiefes kulturelles Verst\u00e4ndnis zu gew\u00e4hrleisten Unterst\u00fctzung bei der Einwanderung: Nahtlose Visums- und Immigrationsunterst\u00fctzung f\u00fcr alle unsere Kandidat*innen, um einen reibungslosen \u00dcbergang nach Deutschland, \u00d6sterreich und in [&hellip;]<\/p>\n","protected":false},"author":1,"featured_media":752,"parent":0,"menu_order":0,"comment_status":"closed","ping_status":"closed","template":"","meta":{"footnotes":""},"class_list":["post-700","page","type-page","status-publish","has-post-thumbnail","hentry"],"_links":{"self":[{"href":"https:\/\/frankfurtgate-solutions.de\/deutsch\/wp-json\/wp\/v2\/pages\/700","targetHints":{"allow":["GET"]}}],"collection":[{"href":"https:\/\/frankfurtgate-solutions.de\/deutsch\/wp-json\/wp\/v2\/pages"}],"about":[{"href":"https:\/\/frankfurtgate-solutions.de\/deutsch\/wp-json\/wp\/v2\/types\/page"}],"author":[{"embeddable":true,"href":"https:\/\/frankfurtgate-solutions.de\/deutsch\/wp-json\/wp\/v2\/users\/1"}],"replies":[{"embeddable":true,"href":"https:\/\/frankfurtgate-solutions.de\/deutsch\/wp-json\/wp\/v2\/comments?post=700"}],"version-history":[{"count":4,"href":"https:\/\/frankfurtgate-solutions.de\/deutsch\/wp-json\/wp\/v2\/pages\/700\/revisions"}],"predecessor-version":[{"id":731,"href":"https:\/\/frankfurtgate-solutions.de\/deutsch\/wp-json\/wp\/v2\/pages\/700\/revisions\/731"}],"wp:featuredmedia":[{"embeddable":true,"href":"https:\/\/frankfurtgate-solutions.de\/deutsch\/wp-json\/wp\/v2\/media\/752"}],"wp:attachment":[{"href":"https:\/\/frankfurtgate-solutions.de\/deutsch\/wp-json\/wp\/v2\/media?parent=700"}],"curies":[{"name":"wp","href":"https:\/\/api.w.org\/{rel}","templated":true}]}}