{"id":62,"date":"2021-08-18T12:55:29","date_gmt":"2021-08-18T12:55:29","guid":{"rendered":"https:\/\/frankfurtgate-solutions.de\/deutsch\/?page_id=62"},"modified":"2022-01-17T10:34:25","modified_gmt":"2022-01-17T10:34:25","slug":"beratung","status":"publish","type":"page","link":"https:\/\/frankfurtgate-solutions.de\/deutsch\/beratung\/","title":{"rendered":"Beratung"},"content":{"rendered":"\n<section class=\"contentpage\">\n<div class=\"container\">\n<h1>Beratung<\/h1>\n\n<p>Beruhend auf meinem fundierten technischen und kaufm\u00e4nnischen Hintergrund und meiner \u00fcber 30-j\u00e4hrigen Berufserfahrung in Deutschland, der Gesamtf\u00fchrung deutscher Tochtergesellschaften und als Mitglied der Management Boards, wird mein Einsatz in Ihrem Unternehmen \u2013 so Sie es w\u00fcnschen \u2013 weit \u00fcber reine Empfehlungen hinausgehen. In meinen Beratungsauftr\u00e4gen begleite ich Sie wirkungsvoll bei der Umsetzung meiner Vorschl\u00e4ge mit messbaren Ergebnissen.<\/p>\n\n<p>In Zeiten der Unsicherheit helfe ich Ihnen bei der Transformation durch Effizienzprogramme und kundenzentrierte strategische Dimensionierung. Ich unterst\u00fctze Sie erg\u00e4nzend durch Ma\u00dfnahmen zur nachhaltigen Umsetzung Empfehlungen zur Steigerung Ihrer Ertragskraft und Liquidit\u00e4t.<\/p>\n\n<p><strong>In meinen Beratungsaufgaben st\u00fctze und fokussiere ich mich auf:<\/strong><\/p>\n\n<ul>\n<li>Expertise in Gesamtgesch\u00e4ftsf\u00fchrung und Unternehmenssteuerung, durchgef\u00fchrte Aufsichts-, Beirats- und Management-Board-Mandate, Mittelherkunft und -verwendung, effektives Ressourcen- und Anlagemanagement<\/li>\n<li>Restrukturierung insbesondere in Krisenzeiten, deutliche Leistungs- und Effizienzsteigerungen, Erarbeitung von Kostensenkungsprogrammen und Verbesserungspotenzialen, Unterst\u00fctzung im Innovationsmanagement, Turnaround- Management, \u00c4nderungsprozessen, etc.<\/li>\n<li>Strategische Neuausrichtungen und neue Wachstumsoptionen, Gesch\u00e4ftsentwicklung und Portfolioplanung, erweiterte 3S-Strategien (Vertrieb, Service und Ersatzteile)<\/li>\n<li>Leitung von Vertrieb und Marketing, Umsetzung von Expansionsvorhaben und Marketing-Controlling, Aftersales, F\u00fchrung von Handelsvertretern, Eigenvertretungen und Niederlassungen weltweit<\/li>\n<li>Produktengineering und -entwicklung, Produktion und Montage, Shopfloor-Optimierung \u2013 neue zu gestaltende Strukturen, Prozesse und Teams, Logistik und Lagerverwaltung, internationale Beschaffung, SCM, Lieferanten-QA<\/li>\n<li>Joint Ventures, Kooperationen, Technologietransfer, Gr\u00fcndung von Tochtergesellschaften im Ausland, Produktionsverlagerung, Lokalisierung<\/li>\n<li>Due Diligence vor M&amp;A, \u00dcbergangsprozesse und Post-Merger-Integration, ERP-Implementierung<\/li>\n<li>Industriekompetenz: Automotive \u2013 Fahrzeuge und Komponenten, Anlagen- und Sondermaschinenbau, Bergbau und H\u00fcttenbau, Energieerzeugung, Petrochemie<\/li>\n<li>Regionale Kompetenz mit l\u00e4ngeren Auslandsaufenthalten: Deutschland und Westeuropa, Indien und ASEAN, China \u2013 Festland und Hongkong, Polen und GUS, USA.<\/li>\n<\/ul>\n<p>Ich gehe meine Aufgabenstellung umfassend, ausgewogen und unvoreingenommen an, bin schnell und effizient. Ich bringe mutige und anregende Perspektiven ein, ich bin innovativ und stehe f\u00fcr divergentes out-of-the-box Denken. Meine reichhaltige Erfahrung in Strategie, Organisation und Methodenkompetenz in Operational Excellence zeichnen mich aus.<\/p>\n\n<p><strong><i>Bitte beziehen Sie sich auch auf mein Kompetenzprofil und die Branchen, in denen ich t\u00e4tig war. Detaillierter Lebenslauf und Zeugnisse werden auf Anfrage zur Verf\u00fcgung gestellt.<\/i><\/strong><\/p>\n\n<\/div>\n<\/section>\n","protected":false},"excerpt":{"rendered":"<p>Beratung Beruhend auf meinem fundierten technischen und kaufm\u00e4nnischen Hintergrund und meiner \u00fcber 30-j\u00e4hrigen Berufserfahrung in Deutschland, der Gesamtf\u00fchrung deutscher Tochtergesellschaften und als Mitglied der Management Boards, wird mein Einsatz in Ihrem Unternehmen \u2013 so Sie es w\u00fcnschen \u2013 weit \u00fcber reine Empfehlungen hinausgehen. In meinen Beratungsauftr\u00e4gen begleite ich Sie wirkungsvoll bei der Umsetzung meiner Vorschl\u00e4ge [&hellip;]<\/p>\n","protected":false},"author":1,"featured_media":498,"parent":0,"menu_order":0,"comment_status":"closed","ping_status":"closed","template":"","meta":{"footnotes":""},"class_list":["post-62","page","type-page","status-publish","has-post-thumbnail","hentry"],"_links":{"self":[{"href":"https:\/\/frankfurtgate-solutions.de\/deutsch\/wp-json\/wp\/v2\/pages\/62","targetHints":{"allow":["GET"]}}],"collection":[{"href":"https:\/\/frankfurtgate-solutions.de\/deutsch\/wp-json\/wp\/v2\/pages"}],"about":[{"href":"https:\/\/frankfurtgate-solutions.de\/deutsch\/wp-json\/wp\/v2\/types\/page"}],"author":[{"embeddable":true,"href":"https:\/\/frankfurtgate-solutions.de\/deutsch\/wp-json\/wp\/v2\/users\/1"}],"replies":[{"embeddable":true,"href":"https:\/\/frankfurtgate-solutions.de\/deutsch\/wp-json\/wp\/v2\/comments?post=62"}],"version-history":[{"count":16,"href":"https:\/\/frankfurtgate-solutions.de\/deutsch\/wp-json\/wp\/v2\/pages\/62\/revisions"}],"predecessor-version":[{"id":499,"href":"https:\/\/frankfurtgate-solutions.de\/deutsch\/wp-json\/wp\/v2\/pages\/62\/revisions\/499"}],"wp:featuredmedia":[{"embeddable":true,"href":"https:\/\/frankfurtgate-solutions.de\/deutsch\/wp-json\/wp\/v2\/media\/498"}],"wp:attachment":[{"href":"https:\/\/frankfurtgate-solutions.de\/deutsch\/wp-json\/wp\/v2\/media?parent=62"}],"curies":[{"name":"wp","href":"https:\/\/api.w.org\/{rel}","templated":true}]}}