{"id":59,"date":"2021-08-18T12:44:52","date_gmt":"2021-08-18T12:44:52","guid":{"rendered":"https:\/\/frankfurtgate-solutions.de\/deutsch\/?page_id=59"},"modified":"2025-09-25T12:43:01","modified_gmt":"2025-09-25T12:43:01","slug":"industriebranchen","status":"publish","type":"page","link":"https:\/\/frankfurtgate-solutions.de\/deutsch\/industriebranchen\/","title":{"rendered":"INDUSTRIEBRANCHEN"},"content":{"rendered":"\n<section class=\"contentpage industrialpage\">\n<div class=\"container\">\n<h1>INDUSTRIEBRANCHEN<\/h1>\n\n<div class=\"row\">\n<div class=\"col-lg-6\"><img decoding=\"async\" src=\"https:\/\/frankfurtgate-solutions.de\/deutsch\/wp-content\/uploads\/2022\/05\/wolfgang-hasselmann-nbRgZltoOck-unsplash.jpg\" class=\"imgshadow\" alt=\"\"><\/div>\n<div class=\"col-lg-6\">\n<h3>Automobil &#8211; Nutzfahrzeuge<\/h3>\n<ul>\n<li>Nutzfahrzeuge Lkw (l\u00e4nderspezifische weltweit; Schwer, Mittel, Leicht), Kleintransporter<\/li>\n<li>Stadtbusse, Reisebusse, Minibusse, Kleinbusse, Busfahrgestelle, Aufbauten<\/li>\n<li>Vorfeldbusse zum Flughafentransfer <\/li>\n<li>Sonderfahrzeuge (Lkw f\u00fcr Bergbau, Bau, Milit\u00e4r, Offroad, etc.)<\/li>\n<li>Umfassende Produktion und Montagesysteme<\/li>\n<li>Neueste Antriebs- (alternativer Kraftstoff) und Umwelttechnologien<\/li>\n<li>Komponenten f\u00fcr Telematik und Flottenmanagement<\/li>\n<li>Autonomes Fahren und Fahrzeug-Platooning<\/li>\n<\/ul>\n<\/div>\n<\/div>\n\n<div class=\"row\">\n<div class=\"col-lg-6\">\n<h3>Automobilkomponenten<\/h3>\n<ul>\n<li>Verbrennungsmotoren f\u00fcr Automobil, Schifffahrt und Stromerzeugung<\/li>\n<li>Einzelne mechanische Teile und Komponenten f\u00fcr Verbrennungsmotoren<\/li>\n<li>Komponenten von Luft-, Kraftstoff- und \u00d6lmanagementsystemen<\/li>\n<li>Komplett montierte Antriebsstr\u00e4nge und einzelne Komponenten <\/li>\n<li>Fahrwerksysteme f\u00fcr Auflieger und Anh\u00e4nger, und andere Komponenten<\/li>\n<li>Einzelne mechanische und elektrische Komponenten f\u00fcr Auflieger und Anh\u00e4nger<\/li>\n<li>Elektronische Steuerung, Telematik, Mechatronik<\/li>\n<\/ul>\n\n\n<div class=\"col-sm-12\">\n   <img decoding=\"async\" src=\"https:\/\/frankfurtgate-solutions.de\/deutsch\/wp-content\/uploads\/2022\/05\/stephen-andrews-xH5ZGAeH1kU-unsplash.jpg\" class=\"imgshadow\" alt=\"\"> <img decoding=\"async\" src=\"https:\/\/frankfurtgate-solutions.de\/deutsch\/wp-content\/uploads\/2022\/05\/joyful-heFTscwGDCA-unsplash.jpg\" class=\"imgshadow\" alt=\"\">\n<\/div>\n\n<\/div>\n<div class=\"col-lg-6\"><img decoding=\"async\" src=\"https:\/\/frankfurtgate-solutions.de\/deutsch\/wp-content\/uploads\/2022\/05\/taylor-vick-XnQAPnqnboM-unsplash.jpg\" class=\"imgshadow\" alt=\"\"><\/div>\n<\/div>\n\n<h3>Anlagenbau<\/h3>\n<div class=\"row\">\n<div class=\"col-lg-6\"><img decoding=\"async\" src=\"https:\/\/frankfurtgate-solutions.de\/deutsch\/wp-content\/uploads\/2022\/01\/industrial-sectors3.jpg\" class=\"imgshadow\" alt=\"\"><\/div>\n<div class=\"col-lg-6\">\n<h4>Elektrizit\u00e4tserzeugung und -verteilung<\/h4>\n<ul>\n<li>W\u00e4rmer\u00fcckgewinnungsdampferzeuger (-kessel)<\/li>\n<li>Lufteinlassfilter<\/li>\n<li>Speisewassererhitzer und Turbinenkondensatoren<\/li>\n<li>W\u00e4rmetauscher f\u00fcr vielf\u00e4ltige Anwendungen<\/li>\n<li>Hochdruck Rohrleitungsbau und Kraftwerks \u201cBalance-of-Plant\u201d &#8211; Ausr\u00fcstungen<\/li>\n<li>Schl\u00fcsselfertige Kraftwerke auf Basis von Klein bis Mittelgro\u00df Gas- und Dampfturbinen<\/li>\n<li>Wind- und Solarstromkomponenten<\/li>\n<\/ul>\n<\/div>\n\n\n<\/div>\n\n<div class=\"row\">\n<div class=\"col-lg-6\">\n<h4>Tage- und Untertagebergbau<\/h4>\n<ul>\n<li>Sprenglochbohrger\u00e4te \u2013 Tagebau und Untertage<\/li>\n<li>Tagebaubohrungen f\u00fcr Entw\u00e4sserungssysteme<\/li>\n<li>Systeme zum Abbau von Abraum (Deckgebirge) und Mineralerzgewinnung im Tagebau<\/li>\n<li>Streckenvortriebsmaschinen und -systeme (TBM-Tunnelbohrmaschinen, Schildvortriebsmaschinen, Sprenglochbohr-Jumbos, Teilschnittmaschinen usw.)<\/li>\n<li>Schachtbohrens- und Raise-Boring-Systeme<\/li>\n<li>Tunnelauskleidung- und Stollenr\u00fcckf\u00fcllungsanlagen (Feststoffpumpen &gt; 80% Feststoffgehalt)<\/li>\n<\/ul>\n<\/div>\n<div class=\"col-lg-6\"><img decoding=\"async\" src=\"https:\/\/frankfurtgate-solutions.de\/deutsch\/wp-content\/uploads\/2021\/09\/industrial-sectors4.jpg\" class=\"imgshadow\" alt=\"\"><\/div>\n<\/div>\n\n\n \n\n<div class=\"row\">\n<div class=\"col-lg-6\">\n<h4>Kohle- und Mineralienerzbergbau<\/h4>\n<ul>\n<li>Automatisiete Strebausbausysteme (-Schildausbauten)<\/li>\n<li>Umfassende Strebbau -Gewinnungsmaschinen\n<ul>\n<li>Walzenlader<\/li>\n<li>Kohlenpfl\u00fcge<\/li>\n<li>Andere<\/li>\n<\/ul>\n<\/li>\n<li>Continuous Miners<\/li>\n<li>Bergbautransport<\/li>\n<li>Sicherheit und andere Systeme<\/li>\n<\/ul>\n<\/div>\n\n<div class=\"col-lg-6\">\n<h4>Bauindustrie<\/h4>\n<ul>\n<li>Bohr- und Pfahlmaschinen<\/li>\n<li>Erde- und Bodenverdichtung<\/li>\n<li>Tunnelvortriebsmaschinen und -systeme<\/li>\n<li>Betonverdr\u00e4ngung (Mobile Pumpen und Masten)<\/li>\n<li>Werkzeuge und Bohrkoronen<\/li>\n<\/ul>\n\n<h4>Eisen- und Stahl- und Nichteisenmetallproduktion<\/h4>\n<ul>\n<li>Logistik: Markierungs-, Lese- und Verfolgungssysteme f\u00fcr  stranggegossenen und gewalzten usw. Produkte<\/li>\n<li>Brammenentgratmaschinen<\/li>\n<li>Gie\u00dfpulverzuf\u00fchrmaschinen, Drahtvorschubmaschinen, usw.<\/li>\n<\/ul>\n<\/div>\n\n\n<\/div>\n\n<div class=\"row\">\n<div class=\"col-lg-6\">\n<h4>Erd\u00f6lerkundungs- und Erschlie\u00dfungsbohrungen<\/h4>\n<ul>\n<li>Hebeeinrichtungen (Travelling Blocks)<\/li>\n<li>Drehtische und \u201cTop Drives\u201d<\/li>\n<li>Bohrschlammsp\u00fclpumpen \u2013 Duplex and Triplex<\/li>\n<li>Bohrgest\u00e4nge-Handhabungssysteme<\/li>\n<li>Bohrgest\u00e4nge und -koronen<\/li>\n<\/ul>\n<\/div>\n\n<div class=\"col-lg-6\">\n<h4>Chemie- und Prozessindustrie<\/h4>\n<ul>\n<li>Kessel f\u00fcr Prozessdampf<\/li>\n<li>Prozessgask\u00fchler<\/li>\n<li>Komplette Reaktoren<\/li>\n<li>W\u00e4rmetauscher (z. B. rekuperativ)<\/li>\n<li>Dampfr\u00fcckgewinnung (Membrantechnologie, etc.)<\/li>\n<\/ul>\n<\/div>\n<\/div>\n\n\n<div class=\"row\">\n<div class=\"col-lg-6\"><img decoding=\"async\" src=\"https:\/\/frankfurtgate-solutions.de\/deutsch\/wp-content\/uploads\/2021\/10\/Chemical-Process.jpg\" class=\"imgshadow\" alt=\"\"><\/div>\n\n<div class=\"col-lg-6\">\n<h4>Hydraulischer Transport von Feststoffen<\/h4>\n<ul>\n<li>Verdr\u00e4ngerpumpen\n<ul>\n<li>Duplexpumpen mit Membranen<\/li>\n<li>Triplepumpen<\/li>\n<li>Kolbenpumpen<\/li>\n<\/ul>\n<\/li>\n<\/ul>\n<\/div>\n<\/div>\n\n<div class=\"row\">\n<div class=\"col-lg-6\">\n<h4>Petrochemicals &amp; Fertilisers<\/h4>\n<ul>\n<li>Boilers \u2013 Process Steam<\/li>\n<li>Complete Reactors<\/li>\n<li>Heat Exchangers (e.g. Recuperative)<\/li>\n<li>Vapour Recovery <\/li>\n<\/ul>\n<\/div>\n<div class=\"col-lg-6\"><img decoding=\"async\" src=\"https:\/\/frankfurtgate-solutions.de\/deutsch\/wp-content\/uploads\/2022\/05\/Photo-8.jpg\" class=\"imgshadow\" alt=\"\"><\/div>\n<\/div>\n\n\n<h3>Maschinenbau<\/h3>\n\n<div class=\"row\">\n<div class=\"col-lg-6\">\n<h4>Gie\u00dfereitechnik<\/h4>\n<ul>\n<li>Gie\u00dfen von Rohlingen (Sph\u00e4roguss, Grauguss usw.)<\/li>\n<li>Druckguss (inkl. Hochdruck)<\/li>\n<li>Stranggie\u00dfen von Nichteisenmetallen<\/li>\n<li>Schmieden, Walzen usw.<\/li>\n\n<\/ul>\n \n\n<h4>Metallumformmaschinen und Werkzeugen<\/h4>\n<ul>\n<li>Blechumformung \u2013 Anwendungen f\u00fcr Automotiv usw.<\/li>\n<li>Massivumformung \u2013 Induktionsbiegen usw.<\/li>\n<li>Schmiede, Press- und Hammerwerke<\/li>\n<\/ul>\n<\/div>\n \n<div class=\"col-lg-6\">\n<h4>Investitionsg\u00fcter<\/h4>\n<ul>\n<li>Werkzeugmaschinen f\u00fcr unterschiedlichste Anwendungen<\/li>\n<li>Pr\u00e4zisionswerkzeuge und Bohrer<\/li>\n<\/ul>\n<h4>Integrierte Technologien<\/h4>\n<ul>\n<li>f\u00fcr industrielle Produktion und Montage<\/li>\n<li>Robotik und Manipulatoren<\/li>\n<li>Andere mechatronische Anwendunen<\/li>\n<\/ul>\n<\/div>\n \n\n<\/div>\n\n<div class=\"row\">\n<div class=\"col-lg-6\">\n<h4>Automatisierte Produktionslinienkomponenten<\/h4>\n<ul>\n<li>Hightech-Komponenten f\u00fcr Pick-and-Place<\/li>\n<li>Integration pneumatischer Antriebe, Sensoren und Automatisierung<\/li>\n<li>Anwendung von CCD-Kameras und verwandten Computersystemen<\/li>\n<\/ul>\n<\/div>\n\n<div class=\"col-lg-6\">\n<h4>Innovative Technologien<\/h4>\n<ul>\n<li>SCARA-Roboter<\/li>\n<li>Oberfl\u00e4chenbehandlung mit Plasma, PVD usw.<\/li>\n<li>Kaltplasmaanwendungen<\/li>\n<li>Anwendungen der Nanotechnologie<\/li>\n<li>Andere neue Technologien<\/li>\n<\/ul>\n<\/div>\n<\/div>\n\n<div class=\"row\">\n<div class=\"col-lg-6\"><img decoding=\"async\" src=\"https:\/\/frankfurtgate-solutions.de\/deutsch\/wp-content\/uploads\/2021\/10\/Consumer-Products.jpg\" class=\"imgshadow\" alt=\"\"><\/div>\n<div class=\"col-lg-6\">\n<h3>Verbrauchsg\u00fcter &#8211; B2B<\/h3>\n<ul>\n<li>\u00dcber 10.000 Metall-, Kunststoff-, Keramik-, Holz- und Stoffprodukte f\u00fcr weltweite Verbraucher<\/li>\n<li>Digitalisierung und Internet Marketing<\/li>\n<\/ul>\n\n<\/div>\n<\/div>\n\n<p>Im Bereich der Konstruktion und Fertigung von Industrieg\u00fctern, Maschinen und schl\u00fcsselfertigen Anlagen rekrutieren wir Ingenieure und technische Fachkr\u00e4fte mit \u201eDiplomabschluss\u201c. Beginnend mit der Eignungspr\u00fcfung und Auswahl der Kandidaten bieten wir umfassende Unterst\u00fctzung bei der Stellenbesetzung und begleiten unsere Kunden bis zum Onboarding-Prozess. Dar\u00fcber hinaus sind wir un\u00fcbertroffen in folgenden Bereichen:<\/p>\n<ul>\n<li><strong>Eigene Sprachakademie:<\/strong> Unsere German Language AiCademy schult Bewerber aus aller Welt gr\u00fcndlich in der deutschen Sprache, um hervorragende Sprachkompetenz und ein tiefes kulturelles Verst\u00e4ndnis zu gew\u00e4hrleisten.<\/li>\n<li><strong>Unterst\u00fctzung bei der Einwanderung:<\/strong> Nahtlose Visums- und Immigrationsunterst\u00fctzung f\u00fcr alle unsere Kandidaten, um einen reibungslosen \u00dcbergang nach Deutschland, \u00d6sterreich und in die Schweiz, die BeNeLux-L\u00e4nder und die nordische L\u00e4nder zu gew\u00e4hrleisten.<\/li>\n<li><strong>Talentpool f\u00fcr die Zukunft:<\/strong> Wir rekrutieren aktiv hochmotivierte Studenten naturwissenschaftlicher Fachrichtungen, die eine technische Ausbildung anstreben. Wir erm\u00f6glichen ihnen Teilzeitarbeit w\u00e4hrend ihres Studiums, damit sie sich technisch zielstrebig weiterentwickeln und fundierte Sprachkenntnisse erwerben k\u00f6nnen. So schaffenwireinennachhaltigenTalentpool f\u00fcr IhreFertigungseinrichtungen.<\/li>\n<\/ul>\n<p>Dar\u00fcber hinaus arbeiten wir mit unseren Kunden zusammen, um arbeitsintensive und administrative T\u00e4tigkeiten auszulagern. Durch die Nutzung unserer globalen Ressourcen unterst\u00fctzen wir Sie dabei, erhebliche Kosteneinsparungen zu erzielen, sodass sich Ihr Unternehmen voll und ganz auf die Erbringung hochwertiger Kernaufgaben konzentrieren kann.<\/p>\n\n<\/div>\n<\/section>\n","protected":false},"excerpt":{"rendered":"<p>INDUSTRIEBRANCHEN Automobil &#8211; Nutzfahrzeuge Nutzfahrzeuge Lkw (l\u00e4nderspezifische weltweit; Schwer, Mittel, Leicht), Kleintransporter Stadtbusse, Reisebusse, Minibusse, Kleinbusse, Busfahrgestelle, Aufbauten Vorfeldbusse zum Flughafentransfer Sonderfahrzeuge (Lkw f\u00fcr Bergbau, Bau, Milit\u00e4r, Offroad, etc.) Umfassende Produktion und Montagesysteme Neueste Antriebs- (alternativer Kraftstoff) und Umwelttechnologien Komponenten f\u00fcr Telematik und Flottenmanagement Autonomes Fahren und Fahrzeug-Platooning Automobilkomponenten Verbrennungsmotoren f\u00fcr Automobil, Schifffahrt und Stromerzeugung [&hellip;]<\/p>\n","protected":false},"author":1,"featured_media":591,"parent":0,"menu_order":0,"comment_status":"closed","ping_status":"closed","template":"","meta":{"footnotes":""},"class_list":["post-59","page","type-page","status-publish","has-post-thumbnail","hentry"],"_links":{"self":[{"href":"https:\/\/frankfurtgate-solutions.de\/deutsch\/wp-json\/wp\/v2\/pages\/59","targetHints":{"allow":["GET"]}}],"collection":[{"href":"https:\/\/frankfurtgate-solutions.de\/deutsch\/wp-json\/wp\/v2\/pages"}],"about":[{"href":"https:\/\/frankfurtgate-solutions.de\/deutsch\/wp-json\/wp\/v2\/types\/page"}],"author":[{"embeddable":true,"href":"https:\/\/frankfurtgate-solutions.de\/deutsch\/wp-json\/wp\/v2\/users\/1"}],"replies":[{"embeddable":true,"href":"https:\/\/frankfurtgate-solutions.de\/deutsch\/wp-json\/wp\/v2\/comments?post=59"}],"version-history":[{"count":48,"href":"https:\/\/frankfurtgate-solutions.de\/deutsch\/wp-json\/wp\/v2\/pages\/59\/revisions"}],"predecessor-version":[{"id":719,"href":"https:\/\/frankfurtgate-solutions.de\/deutsch\/wp-json\/wp\/v2\/pages\/59\/revisions\/719"}],"wp:featuredmedia":[{"embeddable":true,"href":"https:\/\/frankfurtgate-solutions.de\/deutsch\/wp-json\/wp\/v2\/media\/591"}],"wp:attachment":[{"href":"https:\/\/frankfurtgate-solutions.de\/deutsch\/wp-json\/wp\/v2\/media?parent=59"}],"curies":[{"name":"wp","href":"https:\/\/api.w.org\/{rel}","templated":true}]}}