{"id":551,"date":"2022-01-26T14:42:32","date_gmt":"2022-01-26T14:42:32","guid":{"rendered":"http:\/\/frankfurtgate-solutions.de\/deutsch\/?page_id=551"},"modified":"2022-05-23T07:37:18","modified_gmt":"2022-05-23T07:37:18","slug":"controlling","status":"publish","type":"page","link":"https:\/\/frankfurtgate-solutions.de\/deutsch\/controlling\/","title":{"rendered":"Controlling"},"content":{"rendered":"\n<section class=\"contentpage\">\n<div class=\"container\">\n<h1><span>Controlling<\/span><\/h1>\n\n<div class=\"row\">\n<div class=\"col-lg-6\"><img decoding=\"async\" src=\"https:\/\/frankfurtgate-solutions.de\/deutsch\/wp-content\/uploads\/2021\/10\/Hitherto-Operations.jpg\" class=\"imgfull\" alt=\"\"><\/div>\n<div class=\"col-lg-6\">\n<h3>Controlling &amp; Finanzen, Administration, IT<\/h3>\n<ul>\n<li>Controlling, Rewe und Bilanzierung; Jahresberichte<\/li>\n<li>Budgetierung und \u00dcberwachung gro\u00dfer Investitionen<\/li>\n<li>Verhandlungen mit Banken, ICICI, Deutsche Bank, HSBC, Standard Chartered<\/li>\n<li>Zusammenarbeit mit gro\u00dfen Wirtschaftspr\u00fcfungsgesellschaften, Rechtsanw\u00e4lten und Unternehmensberatern<\/li>\n<li>Einf\u00fchrung von ERP-Modulen (SAP R\/3 Fi-Co-Re)<\/li>\n<\/ul>\n<\/div>\n\n<\/div>\n\n\n<\/div>\n<\/section>\n","protected":false},"excerpt":{"rendered":"<p>Controlling Controlling &amp; Finanzen, Administration, IT Controlling, Rewe und Bilanzierung; Jahresberichte Budgetierung und \u00dcberwachung gro\u00dfer Investitionen Verhandlungen mit Banken, ICICI, Deutsche Bank, HSBC, Standard Chartered Zusammenarbeit mit gro\u00dfen Wirtschaftspr\u00fcfungsgesellschaften, Rechtsanw\u00e4lten und Unternehmensberatern Einf\u00fchrung von ERP-Modulen (SAP R\/3 Fi-Co-Re)<\/p>\n","protected":false},"author":1,"featured_media":666,"parent":0,"menu_order":0,"comment_status":"closed","ping_status":"closed","template":"","meta":{"footnotes":""},"class_list":["post-551","page","type-page","status-publish","has-post-thumbnail","hentry"],"_links":{"self":[{"href":"https:\/\/frankfurtgate-solutions.de\/deutsch\/wp-json\/wp\/v2\/pages\/551","targetHints":{"allow":["GET"]}}],"collection":[{"href":"https:\/\/frankfurtgate-solutions.de\/deutsch\/wp-json\/wp\/v2\/pages"}],"about":[{"href":"https:\/\/frankfurtgate-solutions.de\/deutsch\/wp-json\/wp\/v2\/types\/page"}],"author":[{"embeddable":true,"href":"https:\/\/frankfurtgate-solutions.de\/deutsch\/wp-json\/wp\/v2\/users\/1"}],"replies":[{"embeddable":true,"href":"https:\/\/frankfurtgate-solutions.de\/deutsch\/wp-json\/wp\/v2\/comments?post=551"}],"version-history":[{"count":1,"href":"https:\/\/frankfurtgate-solutions.de\/deutsch\/wp-json\/wp\/v2\/pages\/551\/revisions"}],"predecessor-version":[{"id":552,"href":"https:\/\/frankfurtgate-solutions.de\/deutsch\/wp-json\/wp\/v2\/pages\/551\/revisions\/552"}],"wp:featuredmedia":[{"embeddable":true,"href":"https:\/\/frankfurtgate-solutions.de\/deutsch\/wp-json\/wp\/v2\/media\/666"}],"wp:attachment":[{"href":"https:\/\/frankfurtgate-solutions.de\/deutsch\/wp-json\/wp\/v2\/media?parent=551"}],"curies":[{"name":"wp","href":"https:\/\/api.w.org\/{rel}","templated":true}]}}