{"id":55,"date":"2021-08-18T12:20:25","date_gmt":"2021-08-18T12:20:25","guid":{"rendered":"https:\/\/frankfurtgate-solutions.de\/deutsch\/?page_id=55"},"modified":"2022-05-22T10:35:32","modified_gmt":"2022-05-22T10:35:32","slug":"bisherige-tatigkeiten","status":"publish","type":"page","link":"https:\/\/frankfurtgate-solutions.de\/deutsch\/bisherige-tatigkeiten\/","title":{"rendered":"T\u00e4tigkeiten"},"content":{"rendered":"\n<section class=\"contentpage\">\n<div class=\"container\">\n<a name=\"tatigkeiten1\"><\/a>\n<h1><span>Bisherige<\/span> T\u00e4tigkeiten<\/h1>\n\n<div class=\"row\">\n<div class=\"col-lg-6\">\n<h3>F\u00fchrung von Tochtergesellschaften in Asien und Mitteleuropa<\/h3>\n<ul>\n<li>Vorsitzender\/CEO \u2013 Umsatz bis 250 Mio. \u20ac pa (Polen)<\/li>\n<li>Mitglied des Management-Boards (Umsatz bis 1,3 Mrd. \u20ac)<\/li>\n<li>Bis zu 5.300 Mitarbeiter \u2013 festangestellt und vertraglich (Indien)<\/li>\n<li>Vorsitzender &#8211; Vorstand deutscher Tochtergesellschaften<\/li>\n<li>Planung und Umsetzung von Unternehmensstrategien bei Tochtergesellschaften<\/li>\n<li>Europ\u00e4ische M\u00e4rkte: Deutschland-\u00d6sterreich-Schweiz, GUS, Polen<\/li>\n<li>Asiatische M\u00e4rkte: Japan, S\u00fcdkorea, China, Indien, ASEAN<\/li>\n<li>Verhandlungen mit Gewerkschaften in Polen und Indien<\/li>\n<li>Pre-M&amp;A Due Diligences, Akquisitionen und Ver\u00e4u\u00dferungen<\/li>\n<li>Vorbereitung, Verhandlung und F\u00fchrung von Joint Ventures<\/li>\n<\/ul>\n<\/div>\n\n<div class=\"col-lg-6\">\n<img decoding=\"async\" src=\"https:\/\/frankfurtgate-solutions.de\/deutsch\/wp-content\/uploads\/2021\/09\/Hitherto1.jpg\" class=\"imgfull\" alt=\"\">\n<\/div>\n<\/div>\n<a name=\"tatigkeiten2\"><\/a>\n<div class=\"row paddtop25\">\n<div class=\"col-lg-6\"><img decoding=\"async\" src=\"https:\/\/frankfurtgate-solutions.de\/deutsch\/wp-content\/uploads\/2021\/10\/Hitherto-sale.jpg\" class=\"imgfull\" alt=\"\"><\/div>\n<div class=\"col-lg-6\">\n<h3>Vertrieb, Marketing und Produktentwicklung<\/h3>\n<ul>\n<li>F\u00fchrung internationaler Vertriebs- und Marketingteams weltweit: in Europa inkl. Deutschland, Mitteleuropa und Asien; Einf\u00fchrung des digitalen Marketings<\/li> \n<li>Markteinf\u00fchrung und Entwicklung technischer Produkte f\u00fcr internationale M\u00e4rkte<\/li> \n<li>Management des \u00dcbergangs vom Produkt- zum Systemlieferanten<\/li> \n<li>Durchf\u00fchrung von Produkt-\/Wettbewerbsanalysen, Marketing, Machbarkeitsstudien<\/li> \n<\/ul>\n<\/div>\n<\/div>\n\n<a name=\"tatigkeiten3\"><\/a>\n<div class=\"row paddtop25\">\n<div class=\"col-lg-6\">\n<h3>Operations &amp; Supply Chain<\/h3>\n<ul>\n<li>F\u00fchrung von Werken mit Produktion und Montage \u2013 Multi-site Operations<\/li>\n<li>Planung und Koordination von Neu- und Erweiterungsinvestitionen<\/li>\n<li>Aufbau und Iintegration von Lieferketten in Asien und Europa<\/li>\n<li>Prozessoptimierung, Qualit\u00e4tsverbesserungen und Zertifizierungen<\/li>\n<li>KPI-Leistungsverbesserungen: Gesamtbetriebskosten (TCO), Kundenzufriedenheit (CSI)<\/li>\n<\/ul>\n<\/div>\n\n<div class=\"col-lg-6\">\n<img decoding=\"async\" src=\"https:\/\/frankfurtgate-solutions.de\/deutsch\/wp-content\/uploads\/2022\/01\/Hitherto-Controlling.jpg\" class=\"imgfull\" alt=\"\">\n<\/div>\n<\/div>\n\n<a name=\"tatigkeiten4\"><\/a>\n<div class=\"row paddtop25\">\n<div class=\"col-lg-6\"><img decoding=\"async\" src=\"https:\/\/frankfurtgate-solutions.de\/deutsch\/wp-content\/uploads\/2021\/10\/Hitherto-Operations.jpg\" class=\"imgfull\" alt=\"\"><\/div>\n<div class=\"col-lg-6\">\n<h3>Controlling &amp; Finanzen, Administration, IT<\/h3>\n<ul>\n<li>Controlling, Rewe und Bilanzierung; Jahresberichte<\/li>\n<li>Budgetierung und \u00dcberwachung gro\u00dfer Investitionen<\/li>\n<li>Verhandlungen mit Banken, ICICI, Deutsche Bank, HSBC, Standard Chartered<\/li>\n<li>Zusammenarbeit mit gro\u00dfen Wirtschaftspr\u00fcfungsgesellschaften, Rechtsanw\u00e4lten und Unternehmensberatern<\/li>\n<li>Einf\u00fchrung von ERP-Modulen (SAP R\/3 Fi-Co-Re)<\/li>\n<\/ul>\n<\/div>\n\n<\/div>\n\n\n<\/div>\n<\/section>\n","protected":false},"excerpt":{"rendered":"<p>Bisherige T\u00e4tigkeiten F\u00fchrung von Tochtergesellschaften in Asien und Mitteleuropa Vorsitzender\/CEO \u2013 Umsatz bis 250 Mio. \u20ac pa (Polen) Mitglied des Management-Boards (Umsatz bis 1,3 Mrd. \u20ac) Bis zu 5.300 Mitarbeiter \u2013 festangestellt und vertraglich (Indien) Vorsitzender &#8211; Vorstand deutscher Tochtergesellschaften Planung und Umsetzung von Unternehmensstrategien bei Tochtergesellschaften Europ\u00e4ische M\u00e4rkte: Deutschland-\u00d6sterreich-Schweiz, GUS, Polen Asiatische M\u00e4rkte: Japan, [&hellip;]<\/p>\n","protected":false},"author":1,"featured_media":666,"parent":0,"menu_order":0,"comment_status":"closed","ping_status":"closed","template":"","meta":{"footnotes":""},"class_list":["post-55","page","type-page","status-publish","has-post-thumbnail","hentry"],"_links":{"self":[{"href":"https:\/\/frankfurtgate-solutions.de\/deutsch\/wp-json\/wp\/v2\/pages\/55","targetHints":{"allow":["GET"]}}],"collection":[{"href":"https:\/\/frankfurtgate-solutions.de\/deutsch\/wp-json\/wp\/v2\/pages"}],"about":[{"href":"https:\/\/frankfurtgate-solutions.de\/deutsch\/wp-json\/wp\/v2\/types\/page"}],"author":[{"embeddable":true,"href":"https:\/\/frankfurtgate-solutions.de\/deutsch\/wp-json\/wp\/v2\/users\/1"}],"replies":[{"embeddable":true,"href":"https:\/\/frankfurtgate-solutions.de\/deutsch\/wp-json\/wp\/v2\/comments?post=55"}],"version-history":[{"count":29,"href":"https:\/\/frankfurtgate-solutions.de\/deutsch\/wp-json\/wp\/v2\/pages\/55\/revisions"}],"predecessor-version":[{"id":543,"href":"https:\/\/frankfurtgate-solutions.de\/deutsch\/wp-json\/wp\/v2\/pages\/55\/revisions\/543"}],"wp:featuredmedia":[{"embeddable":true,"href":"https:\/\/frankfurtgate-solutions.de\/deutsch\/wp-json\/wp\/v2\/media\/666"}],"wp:attachment":[{"href":"https:\/\/frankfurtgate-solutions.de\/deutsch\/wp-json\/wp\/v2\/media?parent=55"}],"curies":[{"name":"wp","href":"https:\/\/api.w.org\/{rel}","templated":true}]}}