{"id":547,"date":"2022-01-26T14:40:26","date_gmt":"2022-01-26T14:40:26","guid":{"rendered":"http:\/\/frankfurtgate-solutions.de\/deutsch\/?page_id=547"},"modified":"2022-05-23T07:36:31","modified_gmt":"2022-05-23T07:36:31","slug":"vertrieb","status":"publish","type":"page","link":"https:\/\/frankfurtgate-solutions.de\/deutsch\/vertrieb\/","title":{"rendered":"Vertrieb"},"content":{"rendered":"\n<section class=\"contentpage\">\n<div class=\"container\">\n<h1><span>Vertrieb<\/span><\/h1>\n\n<div class=\"row\">\n<div class=\"col-lg-6\"><img decoding=\"async\" src=\"https:\/\/frankfurtgate-solutions.de\/deutsch\/wp-content\/uploads\/2021\/10\/Hitherto-sale.jpg\" class=\"imgfull\" alt=\"\"><\/div>\n<div class=\"col-lg-6\">\n<h3>Vertrieb, Marketing und Produktentwicklung<\/h3>\n<ul>\n<li>F\u00fchrung internationaler Vertriebs- und Marketingteams weltweit: in Europa inkl. Deutschland, Mitteleuropa und Asien; Einf\u00fchrung des digitalen Marketings<\/li> \n<li>Markteinf\u00fchrung und Entwicklung technischer Produkte f\u00fcr internationale M\u00e4rkte<\/li> \n<li>Management des \u00dcbergangs vom Produkt- zum Systemlieferanten<\/li> \n<li>Durchf\u00fchrung von Produkt-\/Wettbewerbsanalysen, Marketing, Machbarkeitsstudien<\/li> \n<\/ul>\n<\/div>\n<\/div>\n\n<\/div>\n<\/section>\n","protected":false},"excerpt":{"rendered":"<p>Vertrieb Vertrieb, Marketing und Produktentwicklung F\u00fchrung internationaler Vertriebs- und Marketingteams weltweit: in Europa inkl. Deutschland, Mitteleuropa und Asien; Einf\u00fchrung des digitalen Marketings Markteinf\u00fchrung und Entwicklung technischer Produkte f\u00fcr internationale M\u00e4rkte Management des \u00dcbergangs vom Produkt- zum Systemlieferanten Durchf\u00fchrung von Produkt-\/Wettbewerbsanalysen, Marketing, Machbarkeitsstudien<\/p>\n","protected":false},"author":1,"featured_media":666,"parent":0,"menu_order":0,"comment_status":"closed","ping_status":"closed","template":"","meta":{"footnotes":""},"class_list":["post-547","page","type-page","status-publish","has-post-thumbnail","hentry"],"_links":{"self":[{"href":"https:\/\/frankfurtgate-solutions.de\/deutsch\/wp-json\/wp\/v2\/pages\/547","targetHints":{"allow":["GET"]}}],"collection":[{"href":"https:\/\/frankfurtgate-solutions.de\/deutsch\/wp-json\/wp\/v2\/pages"}],"about":[{"href":"https:\/\/frankfurtgate-solutions.de\/deutsch\/wp-json\/wp\/v2\/types\/page"}],"author":[{"embeddable":true,"href":"https:\/\/frankfurtgate-solutions.de\/deutsch\/wp-json\/wp\/v2\/users\/1"}],"replies":[{"embeddable":true,"href":"https:\/\/frankfurtgate-solutions.de\/deutsch\/wp-json\/wp\/v2\/comments?post=547"}],"version-history":[{"count":1,"href":"https:\/\/frankfurtgate-solutions.de\/deutsch\/wp-json\/wp\/v2\/pages\/547\/revisions"}],"predecessor-version":[{"id":548,"href":"https:\/\/frankfurtgate-solutions.de\/deutsch\/wp-json\/wp\/v2\/pages\/547\/revisions\/548"}],"wp:featuredmedia":[{"embeddable":true,"href":"https:\/\/frankfurtgate-solutions.de\/deutsch\/wp-json\/wp\/v2\/media\/666"}],"wp:attachment":[{"href":"https:\/\/frankfurtgate-solutions.de\/deutsch\/wp-json\/wp\/v2\/media?parent=547"}],"curies":[{"name":"wp","href":"https:\/\/api.w.org\/{rel}","templated":true}]}}