{"id":545,"date":"2022-01-26T14:39:22","date_gmt":"2022-01-26T14:39:22","guid":{"rendered":"http:\/\/frankfurtgate-solutions.de\/deutsch\/?page_id=545"},"modified":"2022-05-23T07:36:13","modified_gmt":"2022-05-23T07:36:13","slug":"management","status":"publish","type":"page","link":"https:\/\/frankfurtgate-solutions.de\/deutsch\/management\/","title":{"rendered":"Management"},"content":{"rendered":"\n<section class=\"contentpage\">\n<div class=\"container\">\n<h1><span>Management<\/span><\/h1>\n\n<div class=\"row\">\n<div class=\"col-lg-6\">\n<h3>F\u00fchrung von Tochtergesellschaften in Asien und Mitteleuropa<\/h3>\n<ul>\n<li>Vorsitzender\/CEO \u2013 Umsatz bis 250 Mio. \u20ac pa (Polen)<\/li>\n<li>Mitglied des Management-Boards (Umsatz bis 1,3 Mrd. \u20ac)<\/li>\n<li>Bis zu 5.300 Mitarbeiter \u2013 festangestellt und vertraglich (Indien)<\/li>\n<li>Vorsitzender &#8211; Vorstand deutscher Tochtergesellschaften<\/li>\n<li>Planung und Umsetzung von Unternehmensstrategien bei Tochtergesellschaften<\/li>\n<li>Europ\u00e4ische M\u00e4rkte: Deutschland-\u00d6sterreich-Schweiz, GUS, Polen<\/li>\n<li>Asiatische M\u00e4rkte: Japan, S\u00fcdkorea, China, Indien, ASEAN<\/li>\n<li>Verhandlungen mit Gewerkschaften in Polen und Indien<\/li>\n<li>Pre-M&amp;A Due Diligences, Akquisitionen und Ver\u00e4u\u00dferungen<\/li>\n<li>Vorbereitung, Verhandlung und F\u00fchrung von Joint Ventures<\/li>\n<\/ul>\n<\/div>\n\n<div class=\"col-lg-6\">\n<img decoding=\"async\" src=\"https:\/\/frankfurtgate-solutions.de\/deutsch\/wp-content\/uploads\/2021\/09\/Hitherto1.jpg\" class=\"imgfull\" alt=\"\">\n<\/div>\n<\/div>\n\n\n<\/div>\n<\/section>\n","protected":false},"excerpt":{"rendered":"<p>Management F\u00fchrung von Tochtergesellschaften in Asien und Mitteleuropa Vorsitzender\/CEO \u2013 Umsatz bis 250 Mio. \u20ac pa (Polen) Mitglied des Management-Boards (Umsatz bis 1,3 Mrd. \u20ac) Bis zu 5.300 Mitarbeiter \u2013 festangestellt und vertraglich (Indien) Vorsitzender &#8211; Vorstand deutscher Tochtergesellschaften Planung und Umsetzung von Unternehmensstrategien bei Tochtergesellschaften Europ\u00e4ische M\u00e4rkte: Deutschland-\u00d6sterreich-Schweiz, GUS, Polen Asiatische M\u00e4rkte: Japan, S\u00fcdkorea, [&hellip;]<\/p>\n","protected":false},"author":1,"featured_media":666,"parent":0,"menu_order":0,"comment_status":"closed","ping_status":"closed","template":"","meta":{"footnotes":""},"class_list":["post-545","page","type-page","status-publish","has-post-thumbnail","hentry"],"_links":{"self":[{"href":"https:\/\/frankfurtgate-solutions.de\/deutsch\/wp-json\/wp\/v2\/pages\/545","targetHints":{"allow":["GET"]}}],"collection":[{"href":"https:\/\/frankfurtgate-solutions.de\/deutsch\/wp-json\/wp\/v2\/pages"}],"about":[{"href":"https:\/\/frankfurtgate-solutions.de\/deutsch\/wp-json\/wp\/v2\/types\/page"}],"author":[{"embeddable":true,"href":"https:\/\/frankfurtgate-solutions.de\/deutsch\/wp-json\/wp\/v2\/users\/1"}],"replies":[{"embeddable":true,"href":"https:\/\/frankfurtgate-solutions.de\/deutsch\/wp-json\/wp\/v2\/comments?post=545"}],"version-history":[{"count":1,"href":"https:\/\/frankfurtgate-solutions.de\/deutsch\/wp-json\/wp\/v2\/pages\/545\/revisions"}],"predecessor-version":[{"id":546,"href":"https:\/\/frankfurtgate-solutions.de\/deutsch\/wp-json\/wp\/v2\/pages\/545\/revisions\/546"}],"wp:featuredmedia":[{"embeddable":true,"href":"https:\/\/frankfurtgate-solutions.de\/deutsch\/wp-json\/wp\/v2\/media\/666"}],"wp:attachment":[{"href":"https:\/\/frankfurtgate-solutions.de\/deutsch\/wp-json\/wp\/v2\/media?parent=545"}],"curies":[{"name":"wp","href":"https:\/\/api.w.org\/{rel}","templated":true}]}}