{"id":47,"date":"2021-08-18T12:04:12","date_gmt":"2021-08-18T12:04:12","guid":{"rendered":"https:\/\/frankfurtgate-solutions.de\/deutsch\/?page_id=47"},"modified":"2025-09-20T12:15:50","modified_gmt":"2025-09-20T12:15:50","slug":"interim","status":"publish","type":"page","link":"https:\/\/frankfurtgate-solutions.de\/deutsch\/interim\/","title":{"rendered":"Interim"},"content":{"rendered":"\n<section class=\"contentpage\">\n<div class=\"container\">\n<h1>Interim<\/h1>\n <p>Abgesehen vom Grund Ihrer Interimstellenausschreibung, sei er ausgel\u00f6st durch die Unsicherheiten w\u00e4hrend oder nach der Pandemie, sei es der Bedarf an besonderem Fachwissen, um au\u00dfergew\u00f6hnliche Herausforderung in Ihrer momentaner Situation gewachsen zu werden, eine Vakanz zu besetzen oder eine andere Vordringlichkeit; ich verf\u00fcge \u00fcber ausgewiesene L\u00f6sungskompetenz, sowie Industriek\u00f6nnen und Soft Skills, um Sie bei Ihren Restrukturierungsansatz bzw. Turnaround-Bestrebungen zu entlasten oder die Vakanz bis zur dauerhaften Neubesetzung effektiv zu besetzen. F\u00fcr Ihre ganz besonderen Bed\u00fcrfnisse stehe ich sofort zur Verf\u00fcgung.<\/p>\n\n<p>Nachdem ich mich innerhalb einer kurzen Einarbeitungszeit mit Ihrem Unternehmen und seiner Kultur vertraut gemacht und Ihre besonderen Gegebenheiten zeitnah analysiert habe, werde ich f\u00fcr die auftragsbedingte Zeitspanne Teil Ihrer Organisation werden. Andererseits werde ich als unvoreingenommener Au\u00dfenstehender Objektivit\u00e4t und Konsistenz in meiner zwischenmenschlichen Kommunikation und meiner Arbeitsweise bewahren.<\/p>\n\n<p>Mein ge\u00fcbter, differenzierter Blick wird sich auf die unsichtbare Hindernisse richten und sie beseitigen. Ich werde neue Perspektiven er\u00f6ffnen und umsetzbare L\u00f6sungen zu Ihrer optimalen Anwendung erarbeiten. Mit dem Wissenstransfer an Ihre Mitarbeiter st\u00e4rke ich deren Umsetzungskraft, um das Erreichte voranzubringen und in der gew\u00fcnschten Qualit\u00e4t nachhaltig zu gestalten.<\/p>\n\n<p>Ich habe zahlreiche strategische Neuausrichtungsprojekte f\u00fcr Wertsch\u00f6pfung, Wachstum und Expansion auf der Ebene von Tochtergesellschaften nachhaltig umgesetzt. W\u00e4hrend der Gesch\u00e4ftsentwicklung (Business Development) von Unternehmen habe ich neue Chancen geschaffen, sowohl im Inland als auch weltweit. Ich bin Experte f\u00fcr Kooperationen, technologische Transfers, Joint Ventures usw. Ich habe ma\u00dfgeblich an Pre-M&#038;A Due Diligences und Post-M&#038;A-Integrationen mitgewirkt. Ich habe Teile von Gro\u00dfprojekten unter strenger Einhaltung von Quality-Cost-Delivery-Parametern gef\u00fchrt.<\/p>\n\n<p><strong><i>Bitte beziehen Sie sich auch auf mein Kompetenzprofil und die Branchen, in denen ich t\u00e4tig war. Detaillierter Lebenslauf und Zeugnisse werden auf Anfrage zur Verf\u00fcgung gestellt.<\/i><\/p>\n<\/div>\n<\/section>\n","protected":false},"excerpt":{"rendered":"<p>Interim Abgesehen vom Grund Ihrer Interimstellenausschreibung, sei er ausgel\u00f6st durch die Unsicherheiten w\u00e4hrend oder nach der Pandemie, sei es der Bedarf an besonderem Fachwissen, um au\u00dfergew\u00f6hnliche Herausforderung in Ihrer momentaner Situation gewachsen zu werden, eine Vakanz zu besetzen oder eine andere Vordringlichkeit; ich verf\u00fcge \u00fcber ausgewiesene L\u00f6sungskompetenz, sowie Industriek\u00f6nnen und Soft Skills, um Sie bei [&hellip;]<\/p>\n","protected":false},"author":1,"featured_media":262,"parent":0,"menu_order":0,"comment_status":"closed","ping_status":"closed","template":"","meta":{"footnotes":""},"class_list":["post-47","page","type-page","status-publish","has-post-thumbnail","hentry"],"_links":{"self":[{"href":"https:\/\/frankfurtgate-solutions.de\/deutsch\/wp-json\/wp\/v2\/pages\/47","targetHints":{"allow":["GET"]}}],"collection":[{"href":"https:\/\/frankfurtgate-solutions.de\/deutsch\/wp-json\/wp\/v2\/pages"}],"about":[{"href":"https:\/\/frankfurtgate-solutions.de\/deutsch\/wp-json\/wp\/v2\/types\/page"}],"author":[{"embeddable":true,"href":"https:\/\/frankfurtgate-solutions.de\/deutsch\/wp-json\/wp\/v2\/users\/1"}],"replies":[{"embeddable":true,"href":"https:\/\/frankfurtgate-solutions.de\/deutsch\/wp-json\/wp\/v2\/comments?post=47"}],"version-history":[{"count":6,"href":"https:\/\/frankfurtgate-solutions.de\/deutsch\/wp-json\/wp\/v2\/pages\/47\/revisions"}],"predecessor-version":[{"id":421,"href":"https:\/\/frankfurtgate-solutions.de\/deutsch\/wp-json\/wp\/v2\/pages\/47\/revisions\/421"}],"wp:featuredmedia":[{"embeddable":true,"href":"https:\/\/frankfurtgate-solutions.de\/deutsch\/wp-json\/wp\/v2\/media\/262"}],"wp:attachment":[{"href":"https:\/\/frankfurtgate-solutions.de\/deutsch\/wp-json\/wp\/v2\/media?parent=47"}],"curies":[{"name":"wp","href":"https:\/\/api.w.org\/{rel}","templated":true}]}}