{"id":443,"date":"2022-01-07T12:34:55","date_gmt":"2022-01-07T12:34:55","guid":{"rendered":"https:\/\/frankfurtgate-solutions.de\/deutsch\/?page_id=443"},"modified":"2025-10-30T11:51:25","modified_gmt":"2025-10-30T11:51:25","slug":"bildnachweis","status":"publish","type":"page","link":"https:\/\/frankfurtgate-solutions.de\/deutsch\/bildnachweis\/","title":{"rendered":"Bildnachweis"},"content":{"rendered":"\n<section class=\"contentpage cookie\">\n<div class=\"container\">\n<h1>BILDNACHWEIS<\/h1>\n<h3>Bildnachweis<br>\n<span class=\"color-blue\"><\/span><\/h3>\n \n<h3>Willkommen:<\/h3>\n<p><strong>Gleitende Bilder:<\/strong><\/p>\n \n<ul>\n<li>Krone Wechselsystem und Sattelzug<br \/>\nFahrzeugwerk Bernard Krone GmbH &#038; Co. KG<br \/>\nBernard-Krone-Stra\u00dfe 1, 49757 Werlte<\/li>\n<li>Epiroc Bohranlage untertage \u201cBoomer M20\u201d<br \/>\nEpiroc AB Sickla Industriv\u00e4g 19, SE &#8211; 131 54 Nacka, Schweden<\/li>\n\n\n<li>Studiowagenkonzept von Lee Rosario:<br \/>\nKostenloser Download von unsplash.com<br \/>\n<span class=\"color-blue\">https:\/\/pixabay.com\/de\/photos\/studio-wagen-konzept-fahrzeug-5100637\/<\/span><br \/>\nLee Rosario<\/li>\n\n<li>Concept-Fast-Truck<br \/>\nKostenloser Download von unsplash.com<br \/>\n<span class=\"color-blue\">https:\/\/www.maxpixel.net\/Transportation-Concept-Fast-Truck-Auto-Vehicle-4455111<\/span><\/li>\n\n<li>MH Wirth \u2013 Bohrturm von innen<br \/>\nMH Wirth GmbH, K\u00f6lner Stra\u00dfe 71-73, 41812 Erkelenz<\/li>\n \n<li>Kantonspital<br> \nFree download from unsplash.com<br>\n<span class=\"color-blue\">Kantonspital by Kevin Schmidt Ref. kevin-schmid-8-IkY5S4Dlc-unsplash.jpg<\/span> <\/li><\/span> <\/li>\n<\/ul> \n<h3>Feste Bilder:<\/h3>\n<ul>\n<li>Frankfurter Tor \u2013 Foto von mir aus Wohnfenster gemacht<\/li>\n<li>Bus Neoplan Starliner (hintergrund unten) \u2013 selbst gemachtes Photo<\/li>\n<\/ul>\n\n<h3>\u00dcber:<\/h3>\n<ul>\n<li>Mein Foto \u00fcberlagert mit dem Foto vom Frankfurter Tor:<br \/>\nvon Marco Boo, Rome, Italien<br \/>\nKommerzielle Lizenz erhalten \u00fcber Picfair Ltd., 2 Underwood Row, London, N1 7LQ (VAT No: 190414032)<\/li>\n<\/ul>\n\n<div class=\"paddleft20\">\n<h4>\u00dcber \u2013 R\u00e9sum\u00e9<\/h4>\n<ul>\n<li>Hintergrund Sketch \u201cFrankfurter Tor\u201d von Laetitia Hildebrand<br \/>\n<span class=\"color-blue\">www.laeti-berlin.com<\/span><\/li>\n<\/ul>\n<\/div>\n\n\n<h3>Leistungen:<\/h3>\n<div class=\"paddleft20\">\n<h4>Interim<\/h4>\n<ul>\n<li>The Balloon (modifiziert): Tom Forrest, Managing Director, SH Consulting, Sheffield Haworth \u201cThe Rise of the Interim Role\u201d, Executive Talent Volume Nineteen, Digital Magazine from AESC (Association of Executive Search and Leadership Consultants)<\/a><\/li>\n<\/ul>\n\n<h4>Beratung<\/h4>\n<ul>\n<li>Kostenloser Download von unsplash.com<br \/>\n<span class=\"color-blue\">https:\/\/unsplash.com\/photos\/aWf7mjwwJJo<\/span>\nMediast\u00fcrmer<\/a><\/li>\n<\/ul>\n\n<h4>Projekte<\/h4>\n<ul>\n<li>Kostenloser Download von unsplash.com<br \/>\n<span class=\"color-blue\">https:\/\/unsplash.com\/photos\/5aiRb5f464A<\/span>\nJo Szczepanska<\/li>\n<\/ul>\n\n<h4>Sparring<\/h4>\n<ul>\n<li>Eigenes Photo (Ref. BPW\u2019s Jahresbericht 2009)<\/a><\/li>\n<\/ul>\n\n<h4>Recruiting<\/h4>\n<p>\u201cA consensus approach based on multiple algorithms for multiple sclerosis lesion segmentation in brain MRI yielded accurate and reliable results.\u201d; MD Newsline 2025 (mdnewsline.com), October 25, 2024<\/a><\/p>\n<\/div>\n\n<h3>T\u00e4tigkeiten:<\/h3>\n\n<ul>\n<li><strong>F\u00fchrung von Tochtergesellschaften in Asien und Mitteleuropa<\/strong>\n<div class=\"paddleft20\">Mein Photo (Pressemitteilung MAN Nutzfahrzeuge April 2005)<\/div><\/li>\n\n<li><strong>Vertrieb, Marketing und Produktentwicklung<\/strong><br>\nKostenloser Download von unsplash.com<br \/>\n<span class=\"color-blue\">https:\/\/unsplash.com\/photos\/5QgIuuBxKwM Headway<\/span><\/li>\n\n<li><strong>Operations &#038; Supply Chain<\/strong><br>\nKostenloser Download von unsplash.com<br>\n<span class=\"color-blue\">https:\/\/unsplash.com\/photos\/lyr9As2nAwI<\/span><br \/>\nGreg Rosenke<\/li>\n\n<li><strong>Controlling &#038; Finanzen, Administration, IT<\/strong><br>\nKostenloser Download von unsplash.com<br \/>\n<span class=\"color-blue\">https:\/\/unsplash.com\/photos\/iusJ25iYu1c<\/span><br \/>\nTyler Franta<\/li>\n \n\n<li><strong>Placement<\/strong><br>\nFree download from unsplash.com<br>\n<span class=\"color-blue\">Vecteezy.com\/photo\/49085063-doctor-writing-notes-in-a-hospital-during-daytime<\/span><br>\nTyler Franta<\/li>\n<\/ul>\n\n<h3>Branchen:<\/h3>\n<ul>\n<li>Die Raffinerie<br \/>\nKostenloser Download von unsplash.com<br \/>\n<span class=\"color-blue\">https:\/\/www.ncronline.org\/file\/robin-sommer-wnoj83k8r4w-unsplashjpg\/<\/span><br \/>\nRobin Sommer<\/li>\n<li>Der Bus von Innen<br \/>\nKostenloser Download von unsplash.com<br \/>\n<span class=\"color-blue\">https:\/\/unsplash.com\/photos\/XnQAPnqnboM\/Taylor<\/span> Vick<br \/>\nTaylor Vick<\/li>\n<li>Die Lastkraftwagen<br \/>\nKostenloser Download von unsplash.com<br \/>\nwolfgang-hasselmann-nbRgZltoOck-unsplash<br \/>\nWolfgang Hasselmann<\/li>\n\n<li>Der Motorrad-Motor<br \/>\nKostenloser Download von unsplash.com<br \/>\n<span class=\"color-blue\">https:\/\/unsplash.com\/photos\/xH5ZGAeH1kU\/<\/span><br \/>\nStephen Andrews<\/li>\n\n<li>Pkw Motor<br \/>\nKostenloser Download von unsplash.com<br \/>\n\/c-joyful-heFTscwGDCA-unsplash<\/li>\n<li>Au\u00dfergew\u00f6hnlich gro\u00dfer Transport, z.B. Reaktor, auf mehreren Anh\u00e4ngerachsen, angetrieben mit zwei Lastwagen<br \/>\nMammoet Holding B.V. Van Deventerlaan 30 3528 AE, Utrecht, Niederlande<\/li>\n<li>Epiroc Sprenglochbohrmaschinen\u201cPitviper 351\u201d im Tagebau<br \/>\nEpiroc AB Sickla Industriv\u00e4g 19, SE &#8211; 131 54 Nacka, Schweden<\/li>\n<li>Borsig Vorw\u00e4rmer und und Sonderapparate<br \/>\nBorsig GmbH, Egellsstra\u00dfe 21, 13507 Berlin<\/li>\n<li>Borsig Verdichtungsanlage <br>\nBorsig GmbH, Egellsstra\u00dfe 21, 13507 Berlin<\/li>\n<li>Fackelmann-Fertigungslinien in Orland<br>\nSelbst gemachtes Foto in Orland-Werk in Shenzhen Guangdong Shen (Provinz), VR China<\/li>\n<\/ul>\n\n<h3>Referenzen:<\/h3>\n<ul>\n<li>Kostenloser Download von unsplash.com<br>\n<span class=\"color-blue\">https:\/\/pixabay.com\/de\/photos\/startup-start-up-daumen-like-3373320\/<\/span><br>\nGerd Altman<\/li>\n<\/ul>\n\n<h3>HealthCare Sectors:<\/h3>\n<ul>\n<li>Healthcare<\/br>\nFree download from unsplash.com<br>\n<span class=\"color-blue\">Hospital Hallway by Ashley Byrd, Dallas Texas, Ref. Hospital Unsplash photo-1583953458882-302655b5c376.jpeg<\/span><\/li>\n<li>Doctors perfoming surgery<br>\nFree download from unsplash.com<br>\n<span class=\"color-blue\">https:\/\/neuroespitalia.com : Advanced Neurosurgical Services; Photo-1639154968821-6dbc3efb8d23<\/span><\/li>\n<\/ul>\n\n<h3>Ver\u00f6ffentlichungen:<\/h3>\n<ul>\n<li>Fachzeitschriften:<br>\nSelbst gemachtes Photo<\/li>\n<\/ul>\n\n<div class=\"paddleft20\">\n<h4>Ver\u00f6ffentlichungen\/Vortr\u00e4ge:<\/h4>\n<ul>\n<li>Kostenloser Download von unsplash.com<br>\n<span class=\"color-blue\">https:\/\/unsplash.com\/photos\/GfZMQRqt4eo<\/span><br>\nBlair Fraser<\/li>\n<li>Kostenloser Download von unsplash.com<br>\n<span class=\"color-blue\">https:\/\/unsplash.com\/photos\/GWbIHT51VT4<\/span><br>\nTamara Gak<\/li>\n<li>Photo \u2013 Dr. Inder Krishan Bhambry, \u201cSpecific aspects of procurement activities as carried out by BPW India\u201d. Commercial Vehicle Megatrends India 2013, ein Automotiv- Weltkonferrenz abgehalten in Chennai, Indien<\/li>\n<\/ul> \n<\/div>\n\n<h3>Kontakt:<\/h3>\n<ul>\n<li>Kostenloser Download von unsplash.com<br>\n<span class=\"color-blue\">https:\/\/unsplash.com\/photos\/gyslVZcsNK4\/<\/span><br>\nJim Reardan<\/li>\n<\/ul>\n\n<h3>Haftungsausschlu\u00df:<\/h3>\n<ul>\n<li>Kostenloser Download von unsplash.com<br>\n<span class=\"color-blue\">https:\/\/unsplash.com\/photos\/zeH-ljawHtg<\/span><br>\nGiammarco<\/li>\n<\/ul>\n \n<h3>Datenschutz-Bestimmungen:<\/h3>\n<ul>\n<li>Kostenloser Download von unsplash.com<br>\n<span class=\"color-blue\">https:\/\/unsplash.com\/photos\/iar-afB0QQw<\/span><br>\nMarcus Spiske<\/li>\n<\/ul>\n\n<h3>Impressum:<\/h3>\n<ul>\n<li>Kostenloser Download von unsplash.com<br>\n<span class=\"color-blue\">https:\/\/unsplash.com\/photos\/wawEfYdpkag<\/span><br>\nAustin Distel<\/li>\n<\/ul>\n\n<h3>Cookies-Richtlinien:<\/h3>\n<ul>\n<li>Kostenloser Download von unsplash.com<br>\n<span class=\"color-blue\">https:\/\/unsplash.com\/photos\/H1uISjlRXJE<\/span><br>\nConor Brown<\/li>\n<\/ul>\n \n<\/div>\n<\/section>\n","protected":false},"excerpt":{"rendered":"<p>BILDNACHWEIS Bildnachweis Willkommen: Gleitende Bilder: Krone Wechselsystem und Sattelzug Fahrzeugwerk Bernard Krone GmbH &#038; Co. KG Bernard-Krone-Stra\u00dfe 1, 49757 Werlte Epiroc Bohranlage untertage \u201cBoomer M20\u201d Epiroc AB Sickla Industriv\u00e4g 19, SE &#8211; 131 54 Nacka, Schweden Studiowagenkonzept von Lee Rosario: Kostenloser Download von unsplash.com https:\/\/pixabay.com\/de\/photos\/studio-wagen-konzept-fahrzeug-5100637\/ Lee Rosario Concept-Fast-Truck Kostenloser Download von unsplash.com https:\/\/www.maxpixel.net\/Transportation-Concept-Fast-Truck-Auto-Vehicle-4455111 MH Wirth [&hellip;]<\/p>\n","protected":false},"author":1,"featured_media":668,"parent":0,"menu_order":0,"comment_status":"closed","ping_status":"closed","template":"","meta":{"footnotes":""},"class_list":["post-443","page","type-page","status-publish","has-post-thumbnail","hentry"],"_links":{"self":[{"href":"https:\/\/frankfurtgate-solutions.de\/deutsch\/wp-json\/wp\/v2\/pages\/443","targetHints":{"allow":["GET"]}}],"collection":[{"href":"https:\/\/frankfurtgate-solutions.de\/deutsch\/wp-json\/wp\/v2\/pages"}],"about":[{"href":"https:\/\/frankfurtgate-solutions.de\/deutsch\/wp-json\/wp\/v2\/types\/page"}],"author":[{"embeddable":true,"href":"https:\/\/frankfurtgate-solutions.de\/deutsch\/wp-json\/wp\/v2\/users\/1"}],"replies":[{"embeddable":true,"href":"https:\/\/frankfurtgate-solutions.de\/deutsch\/wp-json\/wp\/v2\/comments?post=443"}],"version-history":[{"count":52,"href":"https:\/\/frankfurtgate-solutions.de\/deutsch\/wp-json\/wp\/v2\/pages\/443\/revisions"}],"predecessor-version":[{"id":754,"href":"https:\/\/frankfurtgate-solutions.de\/deutsch\/wp-json\/wp\/v2\/pages\/443\/revisions\/754"}],"wp:featuredmedia":[{"embeddable":true,"href":"https:\/\/frankfurtgate-solutions.de\/deutsch\/wp-json\/wp\/v2\/media\/668"}],"wp:attachment":[{"href":"https:\/\/frankfurtgate-solutions.de\/deutsch\/wp-json\/wp\/v2\/media?parent=443"}],"curies":[{"name":"wp","href":"https:\/\/api.w.org\/{rel}","templated":true}]}}