{"id":41,"date":"2021-08-15T12:32:02","date_gmt":"2021-08-15T12:32:02","guid":{"rendered":"https:\/\/frankfurtgate-solutions.de\/deutsch\/?page_id=41"},"modified":"2025-10-05T17:22:35","modified_gmt":"2025-10-05T17:22:35","slug":"uber-mich","status":"publish","type":"page","link":"https:\/\/frankfurtgate-solutions.de\/deutsch\/uber-mich\/","title":{"rendered":"\u00dcber"},"content":{"rendered":"\n<section class=\"contentpage\">\n<div class=\"container\">\n<h1>\u00dcber mich<\/h1>\n<a href=\"https:\/\/frankfurtgate-solutions.de\/deutsch\/view-resume\/\" class=\"download\">View R\u00e9sum\u00e9<\/a>\n<div class=\"clear\"><\/div>\n<img decoding=\"async\" src=\"https:\/\/frankfurtgate-solutions.de\/deutsch\/wp-content\/uploads\/2021\/09\/Dr-Inder-Krishan-Bhambry.jpg\" alt=\"\" class=\"imgright mt-3\">\n<h3>Mein Profil<\/h3>\n<ul>\n<li>Robuste Karriere in Deutschland vom Technischen Delegierten \u00fcber verschiedene F\u00fchrungspositionen im weltweiten industriellen Vertrieb und Marketing bis zum Vorsitzenden und CEO zahlreicher Tochtergesellschaften deutscher Technologief\u00fchrer in Deutschland, Polen und Indien; Umsatz bis 250 Millionen Euro (Polen), Mitarbeiterzahl 5.300 (Indien), Mitglied des deutschen Management Boards \u2013 Konzernumsatz 1,3 Milliarden Euro<\/li>\n<li>Weitsichtiger Ausblick mit konsequenter industrieller Wachstumsorientierung, ausgewiesener Stratege mit \u00fcberzeugendem Gesp\u00fcr f\u00fcr das Machbare und starkem Umsetzungsk\u00f6nnen, gutes Verst\u00e4ndnis f\u00fcr anspruchsvolle Systeme mit komplexen Zusammenh\u00e4ngen erm\u00f6glicht durch ausgepr\u00e4gten technischen Hintergrund<\/li>\n<li>Restrukturierungen defizit\u00e4rer Komponentenhersteller mit nachhaltigem Turnaround zu profitablen Systemanbietern durch ihre Transformation von Komponentenherstellern zu umfassenden Systemlieferanten; st\u00e4ndige Personalkostensenkung bei gleichzeitiger Umsatzsteigerung; fundierte Kenntnisse und Erfahrungen in Finanz- und Cashmanagement habe ich mir angeeignet<\/li>\n<li>Z\u00fcgiges Erkennen und Realisieren von Marktchancen, Verbesserung bestehender Produkte\/Systeme sowie deren marktspezifische und innovative Neuentwicklungen und deren erfolgreiche Positionierung in den weltweiten M\u00e4rkten \u2013 mit \u00fcberdurchschnittlichen Ergebnissen<\/li>\n<li>Breite und tiefe Erfahrung im Gro\u00dfprojektmanagement, Entwicklung von Maschinen und Industrieanlagen unterschiedlicher Branchen sowie Automobilkomponenten und Nutzfahrzeugen; Mitglied bei einem Projektteam das f\u00fcr Investition in H\u00f6he von Euro 600 Millionen zust\u00e4ndig war<\/li>\n<li>Zielgerichtete und motivierende F\u00fchrung multinationaler und funktions\u00fcbergreifender Teams. F\u00fchrung von ausl\u00e4ndischen Handelsvertretungen und Niederlassungen<\/li>\n<li>Vertraut mit Strukturen und Abl\u00e4ufen weltweit organisierter und operierender deutschen Unternehmen in Deutschland, Indien, den USA und Brasilien.<\/li>\n<li>Ausgepr\u00e4gte Kompetenz in der Ausbildung und Bereitstellung von medizinischem Fachpersonal, Pflegekr\u00e4ften und anderen qualifizierten Arbeitskr\u00e4ften f\u00fcr das deutsche D-A-CH-Gesundheitswesen (\u00fcber unsere eigene \u201eChelsea AiCademy\u201c und andere verbundene Bildungseinrichtungen)<\/li>\n<li>Einzigartige Sachkompetenz bei der Bereitstellung deutschsprachiger technischer Fachkr\u00e4fte f\u00fcr die deutsche D-A-CH-Fertigungs- und Anlagenbauindustrie<\/li>\n<li>Outsourcing-Partnerschaften f\u00fcr arbeitsintensive und administrative T\u00e4tigkeiten in Deutschland, \u00d6sterreich, der Schweiz, Frankreich, den Benelux-L\u00e4ndern und den nordischen L\u00e4ndern.<\/li>\n<\/ul>\n\n<h3>Internationaler Fokus (bisher)<\/h3>\n<ul>\n<li>Europa &#8211; West (Deutschland-\u00d6sterreich-Schweiz, Gro\u00dfbritanien, Schweden)<\/li>\n<li>Polen, GUS (Gemeinschaft Unabh\u00e4ngiger Staaten, ehemalige UdSSR)<\/li>\n<li>Indien und Fernost (ASEAN L\u00e4nder)<\/li>\n<li>China (Festland und Hong Kong)<\/li>\n<li>Japan, Republik Korea<\/li>\n<li>USA, Australien, S\u00fcdafrika, Brasilien<\/li>\n<\/ul>\n\n<h3>Internationalit\u00e4t \u2013 Sprachkenntnisse<\/h3>\n<ul>\n<li class=\"padd6\"><div class=\"row\">\n<div class=\"col-lg-2\">Deutsch<\/div>\n<div class=\"col-lg-10 col-sm-8\">flie\u00dfend in Wort und Schrift (Leben und Arbeiten in Deutschland seit 1984)<\/div>\n<\/div>\t<\/li>\n<li class=\"gcolor padd6\"><div class=\"row\">\n<div class=\"col-lg-2\">Englisch<\/div>\n<div class=\"col-lg-10 col-sm-8\">flie\u00dfend in Wort und Schrift (internationale Privatschule, Hochschulbildung, langfristige Eins\u00e4tze als Deutscher GF-Vorsitzender)\n<\/div>\n<\/div><\/li>\n<li class=\"padd6\"><div class=\"row\">\n<div class=\"col-lg-2 col-sm-4\">Polnisch<\/div>\n<div class=\"col-lg-10 col-sm-8\">flie\u00dfend in Wort und Schrift (Ingenieurstudium -Dipl-Ing, und Dissertation in Polen, langfristige Eins\u00e4tze als Deutscher GF-Vorsitzender)\n<\/div>\n<\/div><\/li>\n<li class=\"gcolor padd6\"><div class=\"row\">\n<div class=\"col-lg-2 col-sm-4\">Hindi<\/div>\n<div class=\"col-lg-10 col-sm-8\">flie\u00dfend in Wort und Schrift (Muttersprache langfristige Eins\u00e4tze als Deutscher GF-Vorsitzender)<\/div>\n<\/div><\/li>\n<li class=\"padd6\"><div class=\"row\">\n<div class=\"col-lg-2 col-sm-4\">Pandschabi<\/div>\n<div class=\"col-lg-10 col-sm-8\">flie\u00dfend in Wort und Schrift (Muttersprache, langfristige Eins\u00e4tze als Deutscher GF-Vorsitzender)<\/div>\n<\/div><\/li>\n<li class=\"gcolor padd6\"><div class=\"row\">\n<div class=\"col-lg-2 col-sm-4\">Russisch<\/div>\n<div class=\"col-lg-10 col-sm-8\">Schulkenntnisse (erfolgreicher Vertrieb und Marketing von  deutschen Maschinen, technologischen Systemen und Anlagen)\n<\/div>\n<\/div><\/li>\n<\/ul>\n\n<h3>EDV Kenntnisse<\/h3>\n<ul>\n<li>detaillierte Kenntnisse in Office Anwendungen, umfassenden ERP Systemen, u.a. SAP\/R3 Fi-Co-Re (Module Finanzierung, Controlling und Reporting)<\/li>\n<li>IT-Enabling von Unternehmensabl\u00e4ufen, Digitalisierung von Prozessen, Cloud Computing.<\/li>\n<\/ul>\n\n<h3>Wahlaktivit\u00e4ten<\/h3>\n<p><strong>Fr\u00fchere Mitgliedschaften:<\/strong> <\/p>\n<ul>\n<li>Confederation of Indian Industries<\/li>\n<li>Society of Indian Automotive Manufacturers, India<\/li>\n<li>Automotive Components Manufacturers Association, India<\/li>\n<li>Deutsch-Indische Handelskammer<\/li>\n<li>Deutsch-Polnische Industrie- und Handelskammer<\/li>\n<li>etc.<\/li>\n<\/ul>\t\n\n<p>Neue Mitgliedschaften werden beantragt bzw. sind in Bearbeitung<\/p>\n<a href=\"https:\/\/frankfurtgate-solutions.de\/deutsch\/view-resume\/\" class=\"download\">View R\u00e9sum\u00e9<\/a>\n<div class=\"clear\"><\/div>\n\n<div class=\"row paddtop25\">\n<div class=\"col-sm-6\"><img decoding=\"async\" src=\"https:\/\/frankfurtgate-solutions.de\/deutsch\/wp-content\/uploads\/2021\/09\/Dr-Inder-Krishan.jpg\" class=\"mb-2 imgshadow\" alt=\"\"><\/div>\n<div class=\"col-sm-6\"><img decoding=\"async\" src=\"https:\/\/frankfurtgate-solutions.de\/deutsch\/wp-content\/uploads\/2021\/10\/about-home.jpg\" class=\"mb-2 imgshadow\" alt=\"\"><\/div>\n<\/div>\n\n<\/div>\n<\/section>\n","protected":false},"excerpt":{"rendered":"<p>\u00dcber mich View R\u00e9sum\u00e9 Mein Profil Robuste Karriere in Deutschland vom Technischen Delegierten \u00fcber verschiedene F\u00fchrungspositionen im weltweiten industriellen Vertrieb und Marketing bis zum Vorsitzenden und CEO zahlreicher Tochtergesellschaften deutscher Technologief\u00fchrer in Deutschland, Polen und Indien; Umsatz bis 250 Millionen Euro (Polen), Mitarbeiterzahl 5.300 (Indien), Mitglied des deutschen Management Boards \u2013 Konzernumsatz 1,3 Milliarden Euro [&hellip;]<\/p>\n","protected":false},"author":1,"featured_media":665,"parent":0,"menu_order":0,"comment_status":"closed","ping_status":"closed","template":"","meta":{"footnotes":""},"class_list":["post-41","page","type-page","status-publish","has-post-thumbnail","hentry"],"_links":{"self":[{"href":"https:\/\/frankfurtgate-solutions.de\/deutsch\/wp-json\/wp\/v2\/pages\/41","targetHints":{"allow":["GET"]}}],"collection":[{"href":"https:\/\/frankfurtgate-solutions.de\/deutsch\/wp-json\/wp\/v2\/pages"}],"about":[{"href":"https:\/\/frankfurtgate-solutions.de\/deutsch\/wp-json\/wp\/v2\/types\/page"}],"author":[{"embeddable":true,"href":"https:\/\/frankfurtgate-solutions.de\/deutsch\/wp-json\/wp\/v2\/users\/1"}],"replies":[{"embeddable":true,"href":"https:\/\/frankfurtgate-solutions.de\/deutsch\/wp-json\/wp\/v2\/comments?post=41"}],"version-history":[{"count":48,"href":"https:\/\/frankfurtgate-solutions.de\/deutsch\/wp-json\/wp\/v2\/pages\/41\/revisions"}],"predecessor-version":[{"id":727,"href":"https:\/\/frankfurtgate-solutions.de\/deutsch\/wp-json\/wp\/v2\/pages\/41\/revisions\/727"}],"wp:featuredmedia":[{"embeddable":true,"href":"https:\/\/frankfurtgate-solutions.de\/deutsch\/wp-json\/wp\/v2\/media\/665"}],"wp:attachment":[{"href":"https:\/\/frankfurtgate-solutions.de\/deutsch\/wp-json\/wp\/v2\/media?parent=41"}],"curies":[{"name":"wp","href":"https:\/\/api.w.org\/{rel}","templated":true}]}}