{"id":393,"date":"2021-10-04T11:49:49","date_gmt":"2021-10-04T11:49:49","guid":{"rendered":"https:\/\/frankfurtgate-solutions.de\/deutsch\/?page_id=393"},"modified":"2022-05-16T10:24:06","modified_gmt":"2022-05-16T10:24:06","slug":"cookie-richtlinien","status":"publish","type":"page","link":"https:\/\/frankfurtgate-solutions.de\/deutsch\/cookie-richtlinien\/","title":{"rendered":"Cookie-Richtlinien"},"content":{"rendered":"\n<section class=\"contentpage cookie\">\n<div class=\"container\">\n<h1>COOKIES RICHTLINIEN<\/h1>\n(ii)<li><strong>Verwendung von Cookies((aus Datenschutz-Bestimmungen, Absatz V)<\/strong>\n<ol style=\"list-style-type:lower-roman\">\n<li><strong>Beschreibung und Umfang der Datenverarbeitung<\/strong>\n<p>Unsere Webeseite verwendet Cookies. Bei Cookies handelt es sich um Textdateien, die im Internetbrowser bzw. vom Internetbrowser auf dem Computersystem des Nutzers gespeichert werden. Ruft ein Nutzer eine Website auf, so kann ein Cookie auf dem Betriebssystem des Nutzers gespeichert werden. Dieser Cookie enth\u00e4lt eine charakteristische Zeichenfolge, die eine eindeutige Identifizierung des Browsers beim erneuten Aufrufen der Website erm\u00f6glicht.<\/p>\n<p>Wir setzen Cookies ein, um unsere Website nutzerfreundlicher zu gestalten. Einige Elemente unserer Internetseite erfordern es, dass der aufrufende Browser auch nach einem Seitenwechsel identifiziert werden kann.<\/p>\n<p>In den Cookies werden dabei folgende Daten gespeichert und \u00fcbermittelt:<\/p>\n<p>1.\tSpracheinstellungen<br>\n2.\tBrowser<br>\n3.\tLog-In-Informationen<\/p>\n<p>Wir verwenden auf unserer Website dar\u00fcber hinaus Cookies, die eine Analyse des Surfverhaltens der Nutzer erm\u00f6glichen.<\/p>\n<p>Auf diese Weise k\u00f6nnen folgende Daten \u00fcbermittelt werden:<\/p>\n<p>1.\tEingegebene Suchbegriffe<br>\n2.\tInformationen des genutzten Internet-Service-Providers<br>\n3.\tTechnische Daten wie verwendete Browser und Betriebssysteme oder Informationen zu genutzten (mobilen) Endger\u00e4ten<br>\n4.\tAngaben zur Nutzung der Website wie H\u00e4ufigkeit von Seitenaufrufen, aufgerufene Seiten oder Verweildauer auf der Website<br>\n5.\tInanspruchnahme von Website-Funktionen<\/p>\n<p>Die auf diese Weise erhobenen Daten der Nutzer werden durch technische Vorkehrungen pseudonymisiert. Daher ist eine Zuordnung der Daten zum aufrufenden Nutzer nicht mehr m\u00f6glich. Die Daten werden nicht gemeinsam mit sonstigen personenbezogenen Daten der Nutzer gespeichert.<\/p>\n<p>Beim Aufruf unserer Website werden die Nutzer durch einen Infobanner \u00fcber die Verwendung von Cookies zu Analysezwecken informiert und auf diese Datenschutzerkl\u00e4rung verwiesen. Es erfolgt in diesem Zusammenhang auch ein Hinweis darauf, wie die Speicherung von Cookies in den Browsereinstellungen unterbunden werden kann.<\/p>\n<\/li>\n<li><strong>Rechtsgrundlage f\u00fcr die Datenverarbeitung<\/strong>\n<p>Die Rechtsgrundlage f\u00fcr die Verarbeitung personenbezogener Daten unter Verwendung von Cookies ist Art. 6 Abs. 1 lit. f DSGVO.<\/p><\/li>\n<li><strong>Zweck der Datenverarbeitung<\/strong>\n<p>Der Zweck der Verwendung technisch notwendiger Cookies ist, die Nutzung von Websites f\u00fcr die Nutzer zu vereinfachen. Einige Funktionen unserer Internetseite k\u00f6nnen ohne den Einsatz von Cookies nicht angeboten werden. F\u00fcr diese ist es erforderlich, dass der Browser auch nach einem Seitenwechsel wiedererkannt wird.<\/p>\n<p>Die durch technisch notwendige Cookies erhobenen Nutzerdaten werden nicht zur Erstellung von Nutzerprofilen verwendet.<\/p>\n<p>Die Verwendung der Analyse-Cookies erfolgt zu dem Zweck, die Qualit\u00e4t unserer Website und ihre Inhalte zu verbessern. Durch die Analyse-Cookies erfahren wir, wie die Website genutzt wird und k\u00f6nnen so unser Angebot stetig optimieren.<\/p>\n<p>In diesen Zwecken liegt auch unser berechtigtes Interesse in der Verarbeitung der personenbezogenen Daten nach Art. 6 Abs. 1 lit. f DSGVO.<\/p>\n<\/li>\n\n<li><strong>Dauer der Speicherung, Widerspruchs- und Beseitigungsm\u00f6glichkeit<\/strong>\n<p>Cookies werden auf dem Rechner des Nutzers gespeichert und von diesem an unserer Seite \u00fcbermittelt. Daher haben Sie als Nutzer auch die volle Kontrolle \u00fcber die Verwendung von Cookies. Durch eine \u00c4nderung der Einstellungen in Ihrem Internetbrowser k\u00f6nnen Sie die \u00dcbertragung von Cookies deaktivieren oder einschr\u00e4nken. Bereits gespeicherte Cookies k\u00f6nnen jederzeit gel\u00f6scht werden. Dies kann auch automatisiert erfolgen. Werden Cookies f\u00fcr unsere Website deaktiviert, k\u00f6nnen m\u00f6glicherweise nicht mehr alle Funktionen der Website vollumf\u00e4nglich genutzt werden.<\/p><\/li>\n<\/ol>\n<\/li>\n<p>Bitte beachten Sie auch unsere Datenschutz-Bestimmungen f\u00fcr eine detaillierte Behandlung von Cookies<p>\n\n \n<\/div>\n<\/section>\n","protected":false},"excerpt":{"rendered":"<p>COOKIES RICHTLINIEN (ii) Verwendung von Cookies((aus Datenschutz-Bestimmungen, Absatz V) Beschreibung und Umfang der Datenverarbeitung Unsere Webeseite verwendet Cookies. Bei Cookies handelt es sich um Textdateien, die im Internetbrowser bzw. vom Internetbrowser auf dem Computersystem des Nutzers gespeichert werden. Ruft ein Nutzer eine Website auf, so kann ein Cookie auf dem Betriebssystem des Nutzers gespeichert werden. [&hellip;]<\/p>\n","protected":false},"author":1,"featured_media":508,"parent":0,"menu_order":0,"comment_status":"closed","ping_status":"closed","template":"","meta":{"footnotes":""},"class_list":["post-393","page","type-page","status-publish","has-post-thumbnail","hentry"],"_links":{"self":[{"href":"https:\/\/frankfurtgate-solutions.de\/deutsch\/wp-json\/wp\/v2\/pages\/393","targetHints":{"allow":["GET"]}}],"collection":[{"href":"https:\/\/frankfurtgate-solutions.de\/deutsch\/wp-json\/wp\/v2\/pages"}],"about":[{"href":"https:\/\/frankfurtgate-solutions.de\/deutsch\/wp-json\/wp\/v2\/types\/page"}],"author":[{"embeddable":true,"href":"https:\/\/frankfurtgate-solutions.de\/deutsch\/wp-json\/wp\/v2\/users\/1"}],"replies":[{"embeddable":true,"href":"https:\/\/frankfurtgate-solutions.de\/deutsch\/wp-json\/wp\/v2\/comments?post=393"}],"version-history":[{"count":13,"href":"https:\/\/frankfurtgate-solutions.de\/deutsch\/wp-json\/wp\/v2\/pages\/393\/revisions"}],"predecessor-version":[{"id":586,"href":"https:\/\/frankfurtgate-solutions.de\/deutsch\/wp-json\/wp\/v2\/pages\/393\/revisions\/586"}],"wp:featuredmedia":[{"embeddable":true,"href":"https:\/\/frankfurtgate-solutions.de\/deutsch\/wp-json\/wp\/v2\/media\/508"}],"wp:attachment":[{"href":"https:\/\/frankfurtgate-solutions.de\/deutsch\/wp-json\/wp\/v2\/media?parent=393"}],"curies":[{"name":"wp","href":"https:\/\/api.w.org\/{rel}","templated":true}]}}