{"id":255,"date":"2021-09-27T10:08:00","date_gmt":"2021-09-27T10:08:00","guid":{"rendered":"https:\/\/frankfurtgate-solutions.de\/deutsch\/?page_id=255"},"modified":"2022-01-17T13:39:04","modified_gmt":"2022-01-17T13:39:04","slug":"haftungsausschluss","status":"publish","type":"page","link":"https:\/\/frankfurtgate-solutions.de\/deutsch\/haftungsausschluss\/","title":{"rendered":"Haftungsausschluss"},"content":{"rendered":"\n<section class=\"contentpage\">\n<div class=\"container\">\n<h1>Haftungsausschluss<\/h1>\n<h3>Verbraucherstreitbeilegung\/Universalschlichtungsstelle<\/h3>\n<div class=\"paddleft20\">\n<p>Die Europ\u00e4ische Kommission stellt eine Plattform zur Online-Streitbeilegung (OS) bereit: https:\/\/ec.europa.eu\/consumers\/odr<\/p>\n<p>Unsere E-Mail-Adresse finden Sie oben imImpressum.<\/p>\n<p>Wir sind weder bereit noch verpflichtet, an Streitbeilegungsverfahren vor einer Verbraucherschlichtungsstelle teilzunehmen.<\/p>\n<\/div>\n\n<h3>Haftungsausschluss<\/h3> \n<div class=\"paddleft20\">\n<p>Wenn Sie weitere Informationen ben\u00f6tigen oder weitere Fragen zum Haftungsausschluss unserer Seite haben, kontaktieren Sie uns bitte per E-Mail unter <a href=\"mailto:info@frankfurtgate-solutions.de\">info@frankfurtgate-solutions.de<\/a><\/p>\n<\/div>\n\n<h3>Haftung f\u00fcr Inhalte<\/h3>\n<div class=\"paddleft20\">\n<p>Die Inhalte dieser Seiten wurden in gutem Glauben und nur zu allgemeinen Informationszwecken,mit gr\u00f6\u00dfter Sorgfalt erstellt. F\u00fcr die Richtigkeit, Vollst\u00e4ndigkeit und Aktualit\u00e4t der Inhalte k\u00f6nnen wir jedoch keine Gew\u00e4hr \u00fcbernehmen. Jegliche Ma\u00dfnahmen, die Sie aufgrund von Informationen auf dieser Website ergreifen, erfolgen ausschlie\u00dflich auf Ihr eigenes Risko, wir haften nicht f\u00fcr Verluste und\/oder Sch\u00e4den in diesem Zusammenhang.<\/p>\n<p>Als Diensteanbieter sind wir gem\u00e4\u00df \u00a7 7 Abs.1 TMG f\u00fcr eigene Inhalte auf diesen Seiten nach den allgemeinen Gesetzen verantwortlich. Nach \u00a7\u00a7 8 bis 10 TMG sind wir als Diensteanbieter jedoch nicht verpflichtet, \u00fcbermittelte oder gespeicherte fremde Informationen zu \u00fcberwachen oder nach Umst\u00e4nden zu forschen, die auf eine rechtswidrige T\u00e4tigkeit hinweisen.<\/p>\n\n<p>Verpflichtungen zur Entfernung oder Sperrung der Nutzung von Informationen nach den allgemeinen Gesetzen bleiben hiervon unber\u00fchrt. Eine diesbez\u00fcgliche Haftung ist jedoch erst ab dem Zeitpunkt unserer Kenntnis einer konkreten Rechtsverletzung m\u00f6glich. Bei Bekanntwerden von entsprechenden Rechtsverletzungen werden wir diese Inhalte umgehend entfernen.<\/p>\n<\/div>\n\n<h3>Haftung f\u00fcr Links<\/h3>\n<div class=\"paddleft20\">\n<p>Von unserer Webseite aus k\u00f6nnen Sie externe Webseiten besuchen, indem Sie Hyperlinks folgen. Obwohl wir uns bem\u00fchen, nur qualitativ hochwertige Links zu ethischen Websites bereitzustellen, haben wir keinen Einfluss \u00fcber den Inhalt und die Art dieser Websites. Deshalb k\u00f6nnen wir f\u00fcr diese fremden Inhalte auch keine Gew\u00e4hr \u00fcbernehmen. F\u00fcr die Inhalte der verlinkten Seiten ist stets der jeweilige Anbieter oder Betreiber der Seiten verantwortlich. Diese Links stellen keine Empfehlung dar. Die verlinkten Seiten wurden zum Zeitpunkt der Verlinkung auf m\u00f6gliche Rechtsverst\u00f6\u00dfe \u00fcberpr\u00fcft. Rechtswidrige Inhalte waren zum Zeitpunkt der Verlinkung nicht erkennbar.<\/p>\n<p>Bitte beachten Sie auch, dass andere Websites m\u00f6glicherweise v\u00f6llig andere Datenschutzrichtlinien und Nutzungsbedingungen haben. Bitte \u00fcberpr\u00fcfen Sie diese, bevor Sie gesch\u00e4ftliche oder sonstige Aktivit\u00e4ten ausf\u00fchren.<\/p>\n<p>Eine permanente inhaltliche Kontrolle der verlinkten Seiten ist jedoch ohne konkrete Anhaltspunkte einer Rechtsverletzung nicht zumutbar. Bei Bekanntwerden von Rechtsverletzungen werden wir derartige Links umgehend entfernen.<\/p>\n<\/div>\n<h3>Urheberrecht<\/h3>\n<div class=\"paddleft20\">\n<p>Die durch die Seitenbetreiber erstellten Inhalte und Werke auf diesen Seiten unterliegen dem deutschen Urheberrecht. Die Vervielf\u00e4ltigung, Bearbeitung, Verbreitung und jede Art der Verwertung au\u00dferhalb der Grenzen des Urheberrechtes bed\u00fcrfen der schriftlichen Zustimmung des jeweiligen Autors bzw. Erstellers. Downloads und Kopien dieser Seite sind nur f\u00fcr den privaten, nicht kommerziellen Gebrauch gestattet.<\/p>\n<p>Soweit die Inhalte auf dieser Seite nicht vom Betreiber erstellt wurden, werden die Urheberrechte Dritter beachtet. Insbesondere werden Inhalte Dritter als solche gekennzeichnet. Sollten Sie trotzdem auf eine Urheberrechtsverletzung aufmerksam werden, bitten wir um einen entsprechenden Hinweis. Bei Bekanntwerden von Rechtsverletzungen werden wir derartige Inhalte umgehend entfernen.<\/p>\n<\/div>\n<h3>Zustimmung <\/h3>\n<div class=\"paddleft20\">\n<p>Durch die Nutzung unserer Website erkl\u00e4ren Sie sich hiermit mit unserem Haftungsausschluss einverstanden und stimmen unseren Bedingungen zu.<\/p>\n<\/div>\n<h3>\u00c4nderungen<\/h3>\n<div class=\"paddleft20\">\n<p>Sollten wir dieses Dokument aktualisieren, \u00fcberarbeiten oder \u00e4ndern, werden diese \u00c4nderungen hier angezeigt.<\/p>\n<\/div>\n\n<\/div>\n<\/section>\n","protected":false},"excerpt":{"rendered":"<p>Haftungsausschluss Verbraucherstreitbeilegung\/Universalschlichtungsstelle Die Europ\u00e4ische Kommission stellt eine Plattform zur Online-Streitbeilegung (OS) bereit: https:\/\/ec.europa.eu\/consumers\/odr Unsere E-Mail-Adresse finden Sie oben imImpressum. Wir sind weder bereit noch verpflichtet, an Streitbeilegungsverfahren vor einer Verbraucherschlichtungsstelle teilzunehmen. Haftungsausschluss Wenn Sie weitere Informationen ben\u00f6tigen oder weitere Fragen zum Haftungsausschluss unserer Seite haben, kontaktieren Sie uns bitte per E-Mail unter info@frankfurtgate-solutions.de Haftung f\u00fcr [&hellip;]<\/p>\n","protected":false},"author":1,"featured_media":509,"parent":0,"menu_order":0,"comment_status":"closed","ping_status":"closed","template":"","meta":{"footnotes":""},"class_list":["post-255","page","type-page","status-publish","has-post-thumbnail","hentry"],"_links":{"self":[{"href":"https:\/\/frankfurtgate-solutions.de\/deutsch\/wp-json\/wp\/v2\/pages\/255","targetHints":{"allow":["GET"]}}],"collection":[{"href":"https:\/\/frankfurtgate-solutions.de\/deutsch\/wp-json\/wp\/v2\/pages"}],"about":[{"href":"https:\/\/frankfurtgate-solutions.de\/deutsch\/wp-json\/wp\/v2\/types\/page"}],"author":[{"embeddable":true,"href":"https:\/\/frankfurtgate-solutions.de\/deutsch\/wp-json\/wp\/v2\/users\/1"}],"replies":[{"embeddable":true,"href":"https:\/\/frankfurtgate-solutions.de\/deutsch\/wp-json\/wp\/v2\/comments?post=255"}],"version-history":[{"count":7,"href":"https:\/\/frankfurtgate-solutions.de\/deutsch\/wp-json\/wp\/v2\/pages\/255\/revisions"}],"predecessor-version":[{"id":517,"href":"https:\/\/frankfurtgate-solutions.de\/deutsch\/wp-json\/wp\/v2\/pages\/255\/revisions\/517"}],"wp:featuredmedia":[{"embeddable":true,"href":"https:\/\/frankfurtgate-solutions.de\/deutsch\/wp-json\/wp\/v2\/media\/509"}],"wp:attachment":[{"href":"https:\/\/frankfurtgate-solutions.de\/deutsch\/wp-json\/wp\/v2\/media?parent=255"}],"curies":[{"name":"wp","href":"https:\/\/api.w.org\/{rel}","templated":true}]}}